{"id":375037,"date":"2025-06-04T14:09:52","date_gmt":"2025-06-04T18:09:52","guid":{"rendered":"https:\/\/events.miamibeachfl.gov\/?page_id=375037"},"modified":"2025-07-10T15:30:22","modified_gmt":"2025-07-10T19:30:22","slug":"parks-and-recreation-events","status":"publish","type":"page","link":"https:\/\/events.miamibeachfl.gov\/pt\/parks-and-recreation-events\/","title":{"rendered":"Eventos de Parques e Recrea\u00e7\u00e3o"},"content":{"rendered":"<div class=\"fl-builder-content fl-builder-content-10104471 fl-builder-global-templates-locked\" data-post-id=\"10104471\"><div class=\"fl-row fl-row-fixed-width fl-row-bg-color fl-node-xds3m5ka7ih4 fl-row-default-height fl-row-align-center\" data-node=\"xds3m5ka7ih4\">\n\t<div class=\"fl-row-content-wrap\">\n\t\t\t\t\t\t<div class=\"fl-row-content fl-row-fixed-width fl-node-content\">\n\t\t\n<div class=\"fl-col-group fl-node-qa857tfpdxu3\" data-node=\"qa857tfpdxu3\">\n\t\t\t<div class=\"fl-col fl-node-pi2037smy59e fl-col-bg-color\" data-node=\"pi2037smy59e\">\n\t<div class=\"fl-col-content fl-node-content\"><div\n class=\"fl-module fl-module-photo fl-photo fl-photo-align-center fl-node-s07lhm8pw3kb\" data-node=\"s07lhm8pw3kb\" itemscope itemtype=\"https:\/\/schema.org\/ImageObject\">\n\t<div class=\"fl-photo-content fl-photo-img-jpg\">\n\t\t\t\t<img decoding=\"async\" class=\"fl-photo-img wp-image-392277 size-full\" src=\"https:\/\/events.miamibeachfl.gov\/wp-content\/uploads\/2026\/04\/2026SpringFling.jpg\" alt=\"Spring Fling\" itemprop=\"image\" height=\"595\" width=\"800\" title=\"2026SpringFling\" loading='lazy' srcset=\"https:\/\/events.miamibeachfl.gov\/wp-content\/uploads\/2026\/04\/2026SpringFling.jpg 800w, https:\/\/events.miamibeachfl.gov\/wp-content\/uploads\/2026\/04\/2026SpringFling-300x223.jpg 300w, https:\/\/events.miamibeachfl.gov\/wp-content\/uploads\/2026\/04\/2026SpringFling-768x571.jpg 768w, https:\/\/events.miamibeachfl.gov\/wp-content\/uploads\/2026\/04\/2026SpringFling-16x12.jpg 16w\" sizes=\"auto, (max-width: 800px) 100vw, 800px\" \/>\n\t\t\t\t\t<\/div>\n\t<\/div>\n<h2  class=\"fl-module fl-module-heading fl-heading fl-heading-text fl-node-fky9prwzamtj\" data-node=\"fky9prwzamtj\">\n\t\t\tS\u00e1bado, 2 de maio | 18h30 - 20h30\t<\/h2>\n<div  class=\"fl-module fl-module-rich-text fl-rich-text fl-node-vials38k5jqo\" data-node=\"vials38k5jqo\">\n\t<p>Centro Juvenil Scott Rakow, 2700 Avenida Sheridan<\/p>\n<\/div>\n<div  class=\"fl-module fl-module-rich-text fl-rich-text fl-node-io2c1qjrl5eb\" data-node=\"io2c1qjrl5eb\">\n\t<h3 class=\"ai-optimize-6 ai-optimize-introduction\" style=\"text-align: center;\">O Baile de Primavera para Pais e Filhos est\u00e1 de volta!<\/h3>\n<p class=\"ai-optimize-6 ai-optimize-introduction\" style=\"text-align: center;\"><strong>Desfrute da \u201cMAIOR Dan\u00e7a entre Pais e Filhos do MUNDO!\u201d<\/strong> Desfrute de uma noite repleta de dan\u00e7a, m\u00fasica, comida e muito mais, enquanto durarem os estoques.<\/p>\n<p class=\"ai-optimize-6 ai-optimize-introduction\" style=\"text-align: center;\"><strong>\u00c9 necess\u00e1rio efetuar a pr\u00e9-inscri\u00e7\u00e3o.<br \/>\nReserve seu lugar\/ingresso online em <span style=\"color: #ffffff;\"><a style=\"color: #ffffff;\" href=\"https:\/\/flmiamibeachweb.myvscloud.com\/webtrac\/web\/search.html?Action=Start&amp;SubAction=&amp;_csrf_token=qh6Q1C140I6D1W2X1W3E2F3J5U3W5I4X165T4M6S580Q6I5S5F5D734T4J4H6I195F4Q5G58026C4950511M6X3Q5E4E1H5L4E6O6K0D733Z4W4X06014M4E6F0K5O5U4Z&amp;type=Special+Events&amp;primarycode=&amp;keyword=&amp;instructor=&amp;display=Detail&amp;search=yes&amp;page=1&amp;module=PST&amp;multiselectlist_value=&amp;PSTwebsearch_buttonsearch=yes\">register.miamibeachparks.com<\/a><\/span> a partir de 13 de abril.<\/strong><\/p>\n<p class=\"ai-optimize-6 ai-optimize-introduction\" style=\"text-align: center;\">Moradores de Miami Beach precisam ter um passe de residente ativo no Rec Trac para se inscrever. As vagas s\u00e3o limitadas. Cada crian\u00e7a deve estar acompanhada por um dos pais ou respons\u00e1vel.<\/p>\n<\/div>\n<\/div>\n<\/div>\n\t<\/div>\n\t\t<\/div>\n\t<\/div>\n<\/div>\n<\/div>","protected":false},"excerpt":{"rendered":"<p>Saturday, May 2 | 6:30PM &#8211; 8:30PM Scott Rakow Youth Center, 2700 Sheridan Avenue The Parent &amp; Child Spring Fling [&hellip;]<\/p>","protected":false},"author":222,"featured_media":0,"parent":0,"menu_order":2,"comment_status":"closed","ping_status":"closed","template":"","meta":{"site-sidebar-layout":"default","site-content-layout":"","ast-site-content-layout":"","site-content-style":"default","site-sidebar-style":"default","ast-global-header-display":"","ast-banner-title-visibility":"","ast-main-header-display":"","ast-hfb-above-header-display":"","ast-hfb-below-header-display":"","ast-hfb-mobile-header-display":"","site-post-title":"","ast-breadcrumbs-content":"","ast-featured-img":"","footer-sml-layout":"","theme-transparent-header-meta":"","adv-header-id-meta":"","stick-header-meta":"","header-above-stick-meta":"","header-main-stick-meta":"","header-below-stick-meta":"","astra-migrate-meta-layouts":"default","ast-page-background-enabled":"default","ast-page-background-meta":{"desktop":{"background-color":"var(--ast-global-color-5)","background-image":"","background-repeat":"repeat","background-position":"center center","background-size":"auto","background-attachment":"scroll","background-type":"","background-media":"","overlay-type":"","overlay-color":"","overlay-opacity":"","overlay-gradient":""},"tablet":{"background-color":"","background-image":"","background-repeat":"repeat","background-position":"center center","background-size":"auto","background-attachment":"scroll","background-type":"","background-media":"","overlay-type":"","overlay-color":"","overlay-opacity":"","overlay-gradient":""},"mobile":{"background-color":"","background-image":"","background-repeat":"repeat","background-position":"center center","background-size":"auto","background-attachment":"scroll","background-type":"","background-media":"","overlay-type":"","overlay-color":"","overlay-opacity":"","overlay-gradient":""}},"ast-content-background-meta":{"desktop":{"background-color":"var(--ast-global-color-4)","background-image":"","background-repeat":"repeat","background-position":"center center","background-size":"auto","background-attachment":"scroll","background-type":"","background-media":"","overlay-type":"","overlay-color":"","overlay-opacity":"","overlay-gradient":""},"tablet":{"background-color":"var(--ast-global-color-4)","background-image":"","background-repeat":"repeat","background-position":"center center","background-size":"auto","background-attachment":"scroll","background-type":"","background-media":"","overlay-type":"","overlay-color":"","overlay-opacity":"","overlay-gradient":""},"mobile":{"background-color":"var(--ast-global-color-4)","background-image":"","background-repeat":"repeat","background-position":"center center","background-size":"auto","background-attachment":"scroll","background-type":"","background-media":"","overlay-type":"","overlay-color":"","overlay-opacity":"","overlay-gradient":""}},"footnotes":""},"categories":[],"tags":[],"class_list":["post-375037","page","type-page","status-publish","hentry","cat_featured-events","cat_parks-recreation"],"yoast_head":"<!-- This site is optimized with the Yoast SEO Premium plugin v25.2 (Yoast SEO v25.2) - https:\/\/yoast.com\/wordpress\/plugins\/seo\/ -->\n<title>Parks and Recreation Events - City of Miami Beach<\/title>\n<meta name=\"description\" content=\"%\" \/>\n<meta name=\"robots\" content=\"index, follow, max-snippet:-1, max-image-preview:large, max-video-preview:-1\" \/>\n<link rel=\"canonical\" href=\"https:\/\/events.miamibeachfl.gov\/pt\/parks-and-recreation-events\/\" \/>\n<meta property=\"og:locale\" content=\"pt_BR\" \/>\n<meta property=\"og:type\" content=\"article\" \/>\n<meta property=\"og:title\" content=\"Parks and Recreation Events\" \/>\n<meta property=\"og:description\" content=\"%\" \/>\n<meta property=\"og:url\" content=\"https:\/\/events.miamibeachfl.gov\/pt\/parks-and-recreation-events\/\" \/>\n<meta property=\"og:site_name\" content=\"City of Miami Beach\" \/>\n<meta property=\"article:publisher\" content=\"https:\/\/www.facebook.com\/cityofmiamibeach\" \/>\n<meta property=\"article:modified_time\" content=\"2025-07-10T19:30:22+00:00\" \/>\n<meta property=\"og:image\" content=\"https:\/\/events.miamibeachfl.gov\/wp-content\/uploads\/2024\/02\/ParksSquare-SeniorPrograms.png\" \/>\n<meta name=\"twitter:card\" content=\"summary_large_image\" \/>\n<meta name=\"twitter:site\" content=\"@Miamibeachnews\" \/>\n<script type=\"application\/ld+json\" class=\"yoast-schema-graph\">{\"@context\":\"https:\/\/schema.org\",\"@graph\":[{\"@type\":\"WebPage\",\"@id\":\"https:\/\/events.miamibeachfl.gov\/parks-and-recreation-events\/\",\"url\":\"https:\/\/events.miamibeachfl.gov\/parks-and-recreation-events\/\",\"name\":\"Parks and Recreation Events - City of Miami Beach\",\"isPartOf\":{\"@id\":\"https:\/\/events.miamibeachfl.gov\/#website\"},\"primaryImageOfPage\":{\"@id\":\"https:\/\/events.miamibeachfl.gov\/parks-and-recreation-events\/#primaryimage\"},\"image\":{\"@id\":\"https:\/\/events.miamibeachfl.gov\/parks-and-recreation-events\/#primaryimage\"},\"thumbnailUrl\":\"https:\/\/events.miamibeachfl.gov\/wp-content\/uploads\/2024\/02\/ParksSquare-SeniorPrograms.png\",\"datePublished\":\"2025-06-04T18:09:52+00:00\",\"dateModified\":\"2025-07-10T19:30:22+00:00\",\"description\":\"%\",\"breadcrumb\":{\"@id\":\"https:\/\/events.miamibeachfl.gov\/parks-and-recreation-events\/#breadcrumb\"},\"inLanguage\":\"pt-BR\",\"potentialAction\":[{\"@type\":\"ReadAction\",\"target\":[\"https:\/\/events.miamibeachfl.gov\/parks-and-recreation-events\/\"]}]},{\"@type\":\"ImageObject\",\"inLanguage\":\"pt-BR\",\"@id\":\"https:\/\/events.miamibeachfl.gov\/parks-and-recreation-events\/#primaryimage\",\"url\":\"https:\/\/events.miamibeachfl.gov\/wp-content\/uploads\/2024\/02\/ParksSquare-SeniorPrograms.png\",\"contentUrl\":\"https:\/\/events.miamibeachfl.gov\/wp-content\/uploads\/2024\/02\/ParksSquare-SeniorPrograms.png\"},{\"@type\":\"BreadcrumbList\",\"@id\":\"https:\/\/events.miamibeachfl.gov\/parks-and-recreation-events\/#breadcrumb\",\"itemListElement\":[{\"@type\":\"ListItem\",\"position\":1,\"name\":\"Home\",\"item\":\"https:\/\/events.miamibeachfl.gov\/\"},{\"@type\":\"ListItem\",\"position\":2,\"name\":\"Parks and Recreation Events\"}]},{\"@type\":\"WebSite\",\"@id\":\"https:\/\/events.miamibeachfl.gov\/#website\",\"url\":\"https:\/\/events.miamibeachfl.gov\/\",\"name\":\"City of Miami Beach Events Calendar\",\"description\":\"The official website of the City of Miami Beach. Stay informed, find important information on city services, news, alerts, events, trolley routes, government employment and more.\",\"publisher\":{\"@id\":\"https:\/\/events.miamibeachfl.gov\/#organization\"},\"potentialAction\":[{\"@type\":\"SearchAction\",\"target\":{\"@type\":\"EntryPoint\",\"urlTemplate\":\"https:\/\/events.miamibeachfl.gov\/?s={search_term_string}\"},\"query-input\":{\"@type\":\"PropertyValueSpecification\",\"valueRequired\":true,\"valueName\":\"search_term_string\"}}],\"inLanguage\":\"pt-BR\"},{\"@type\":\"Organization\",\"@id\":\"https:\/\/events.miamibeachfl.gov\/#organization\",\"name\":\"City of Miami Beach\",\"url\":\"https:\/\/events.miamibeachfl.gov\/\",\"logo\":{\"@type\":\"ImageObject\",\"inLanguage\":\"pt-BR\",\"@id\":\"https:\/\/events.miamibeachfl.gov\/#\/schema\/logo\/image\/\",\"url\":\"https:\/\/events.miamibeachfl.gov\/wp-content\/uploads\/2022\/06\/miamibeach-logoblue.png\",\"contentUrl\":\"https:\/\/events.miamibeachfl.gov\/wp-content\/uploads\/2022\/06\/miamibeach-logoblue.png\",\"width\":1962,\"height\":381,\"caption\":\"City of Miami Beach\"},\"image\":{\"@id\":\"https:\/\/events.miamibeachfl.gov\/#\/schema\/logo\/image\/\"},\"sameAs\":[\"https:\/\/www.facebook.com\/cityofmiamibeach\",\"https:\/\/x.com\/Miamibeachnews\",\"https:\/\/www.instagram.com\/miamibeachnews\/\"],\"description\":\"The official website of the City of Miami Beach. Stay informed, find important information on city services, news, alerts, events, trolley routes, government employment and more.\",\"telephone\":\"305.604.CITY(2489)\",\"legalName\":\"City of Miami Beach\"}]}<\/script>\n<!-- \/ Yoast SEO Premium plugin. -->","yoast_head_json":{"title":"Parks and Recreation Events - City of Miami Beach","description":"%","robots":{"index":"index","follow":"follow","max-snippet":"max-snippet:-1","max-image-preview":"max-image-preview:large","max-video-preview":"max-video-preview:-1"},"canonical":"https:\/\/events.miamibeachfl.gov\/pt\/parks-and-recreation-events\/","og_locale":"pt_BR","og_type":"article","og_title":"Parks and Recreation Events","og_description":"%","og_url":"https:\/\/events.miamibeachfl.gov\/pt\/parks-and-recreation-events\/","og_site_name":"City of Miami Beach","article_publisher":"https:\/\/www.facebook.com\/cityofmiamibeach","article_modified_time":"2025-07-10T19:30:22+00:00","og_image":[{"url":"https:\/\/events.miamibeachfl.gov\/wp-content\/uploads\/2024\/02\/ParksSquare-SeniorPrograms.png","type":"","width":"","height":""}],"twitter_card":"summary_large_image","twitter_site":"@Miamibeachnews","schema":{"@context":"https:\/\/schema.org","@graph":[{"@type":"WebPage","@id":"https:\/\/events.miamibeachfl.gov\/parks-and-recreation-events\/","url":"https:\/\/events.miamibeachfl.gov\/parks-and-recreation-events\/","name":"Parks and Recreation Events - City of Miami Beach","isPartOf":{"@id":"https:\/\/events.miamibeachfl.gov\/#website"},"primaryImageOfPage":{"@id":"https:\/\/events.miamibeachfl.gov\/parks-and-recreation-events\/#primaryimage"},"image":{"@id":"https:\/\/events.miamibeachfl.gov\/parks-and-recreation-events\/#primaryimage"},"thumbnailUrl":"https:\/\/events.miamibeachfl.gov\/wp-content\/uploads\/2024\/02\/ParksSquare-SeniorPrograms.png","datePublished":"2025-06-04T18:09:52+00:00","dateModified":"2025-07-10T19:30:22+00:00","description":"%","breadcrumb":{"@id":"https:\/\/events.miamibeachfl.gov\/parks-and-recreation-events\/#breadcrumb"},"inLanguage":"pt-BR","potentialAction":[{"@type":"ReadAction","target":["https:\/\/events.miamibeachfl.gov\/parks-and-recreation-events\/"]}]},{"@type":"ImageObject","inLanguage":"pt-BR","@id":"https:\/\/events.miamibeachfl.gov\/parks-and-recreation-events\/#primaryimage","url":"https:\/\/events.miamibeachfl.gov\/wp-content\/uploads\/2024\/02\/ParksSquare-SeniorPrograms.png","contentUrl":"https:\/\/events.miamibeachfl.gov\/wp-content\/uploads\/2024\/02\/ParksSquare-SeniorPrograms.png"},{"@type":"BreadcrumbList","@id":"https:\/\/events.miamibeachfl.gov\/parks-and-recreation-events\/#breadcrumb","itemListElement":[{"@type":"ListItem","position":1,"name":"Home","item":"https:\/\/events.miamibeachfl.gov\/"},{"@type":"ListItem","position":2,"name":"Parks and Recreation Events"}]},{"@type":"WebSite","@id":"https:\/\/events.miamibeachfl.gov\/#website","url":"https:\/\/events.miamibeachfl.gov\/","name":"City of Miami Beach Events Calendar","description":"The official website of the City of Miami Beach. Stay informed, find important information on city services, news, alerts, events, trolley routes, government employment and more.","publisher":{"@id":"https:\/\/events.miamibeachfl.gov\/#organization"},"potentialAction":[{"@type":"SearchAction","target":{"@type":"EntryPoint","urlTemplate":"https:\/\/events.miamibeachfl.gov\/?s={search_term_string}"},"query-input":{"@type":"PropertyValueSpecification","valueRequired":true,"valueName":"search_term_string"}}],"inLanguage":"pt-BR"},{"@type":"Organization","@id":"https:\/\/events.miamibeachfl.gov\/#organization","name":"City of Miami Beach","url":"https:\/\/events.miamibeachfl.gov\/","logo":{"@type":"ImageObject","inLanguage":"pt-BR","@id":"https:\/\/events.miamibeachfl.gov\/#\/schema\/logo\/image\/","url":"https:\/\/events.miamibeachfl.gov\/wp-content\/uploads\/2022\/06\/miamibeach-logoblue.png","contentUrl":"https:\/\/events.miamibeachfl.gov\/wp-content\/uploads\/2022\/06\/miamibeach-logoblue.png","width":1962,"height":381,"caption":"City of Miami Beach"},"image":{"@id":"https:\/\/events.miamibeachfl.gov\/#\/schema\/logo\/image\/"},"sameAs":["https:\/\/www.facebook.com\/cityofmiamibeach","https:\/\/x.com\/Miamibeachnews","https:\/\/www.instagram.com\/miamibeachnews\/"],"description":"The official website of the City of Miami Beach. Stay informed, find important information on city services, news, alerts, events, trolley routes, government employment and more.","telephone":"305.604.CITY(2489)","legalName":"City of Miami Beach"}]}},"_links":{"self":[{"href":"https:\/\/events.miamibeachfl.gov\/pt\/wp-json\/wp\/v2\/pages\/375037","targetHints":{"allow":["GET"]}}],"collection":[{"href":"https:\/\/events.miamibeachfl.gov\/pt\/wp-json\/wp\/v2\/pages"}],"about":[{"href":"https:\/\/events.miamibeachfl.gov\/pt\/wp-json\/wp\/v2\/types\/page"}],"author":[{"embeddable":true,"href":"https:\/\/events.miamibeachfl.gov\/pt\/wp-json\/wp\/v2\/users\/222"}],"replies":[{"embeddable":true,"href":"https:\/\/events.miamibeachfl.gov\/pt\/wp-json\/wp\/v2\/comments?post=375037"}],"version-history":[{"count":5,"href":"https:\/\/events.miamibeachfl.gov\/pt\/wp-json\/wp\/v2\/pages\/375037\/revisions"}],"predecessor-version":[{"id":384485,"href":"https:\/\/events.miamibeachfl.gov\/pt\/wp-json\/wp\/v2\/pages\/375037\/revisions\/384485"}],"wp:attachment":[{"href":"https:\/\/events.miamibeachfl.gov\/pt\/wp-json\/wp\/v2\/media?parent=375037"}],"wp:term":[{"taxonomy":"category","embeddable":true,"href":"https:\/\/events.miamibeachfl.gov\/pt\/wp-json\/wp\/v2\/categories?post=375037"},{"taxonomy":"post_tag","embeddable":true,"href":"https:\/\/events.miamibeachfl.gov\/pt\/wp-json\/wp\/v2\/tags?post=375037"}],"curies":[{"name":"wp","href":"https:\/\/api.w.org\/{rel}","templated":true}]}}