{"id":375022,"date":"2025-06-04T13:12:07","date_gmt":"2025-06-04T17:12:07","guid":{"rendered":"https:\/\/events.miamibeachfl.gov\/?page_id=375022"},"modified":"2026-03-20T10:32:03","modified_gmt":"2026-03-20T14:32:03","slug":"economic-development-events","status":"publish","type":"page","link":"https:\/\/events.miamibeachfl.gov\/pt\/economic-development-events\/","title":{"rendered":"Desenvolvimento Econ\u00f4mico"},"content":{"rendered":"<div class=\"fl-builder-content fl-builder-content-10104298 fl-builder-global-templates-locked\" data-post-id=\"10104298\"><div class=\"fl-row fl-row-fixed-width fl-row-bg-none fl-node-qs1562klgctp fl-row-default-height fl-row-align-center\" data-node=\"qs1562klgctp\">\n\t<div class=\"fl-row-content-wrap\">\n\t\t\t\t\t\t<div class=\"fl-row-content fl-row-fixed-width fl-node-content\">\n\t\t\n<div class=\"fl-col-group fl-node-m08kqsxnzhle\" data-node=\"m08kqsxnzhle\">\n\t\t\t<div class=\"fl-col fl-node-4lqahz8i1tb0 fl-col-bg-color fl-col-has-cols\" data-node=\"4lqahz8i1tb0\">\n\t<div class=\"fl-col-content fl-node-content\">\n<div class=\"fl-col-group fl-node-jdq28gmux0zh fl-col-group-nested fl-col-group-equal-height fl-col-group-align-top\" data-node=\"jdq28gmux0zh\">\n\t\t\t<div class=\"fl-col fl-node-jc7ep5sv8zaq fl-col-bg-color fl-col-small\" data-node=\"jc7ep5sv8zaq\">\n\t<div class=\"fl-col-content fl-node-content\"><div\n class=\"fl-module fl-module-photo fl-photo fl-photo-align-center fl-node-jsto7mif1h36\" data-node=\"jsto7mif1h36\" itemscope itemtype=\"https:\/\/schema.org\/ImageObject\">\n\t<div class=\"fl-photo-content fl-photo-img-jpg\">\n\t\t\t\t<img decoding=\"async\" class=\"fl-photo-img wp-image-391220 size-full\" src=\"https:\/\/events.miamibeachfl.gov\/wp-content\/uploads\/2026\/02\/businesswomen.jpg\" alt=\"business women\" itemprop=\"image\" height=\"500\" width=\"500\" title=\"mulheres de neg\u00f3cios\" loading='lazy' srcset=\"https:\/\/events.miamibeachfl.gov\/wp-content\/uploads\/2026\/02\/businesswomen.jpg 500w, https:\/\/events.miamibeachfl.gov\/wp-content\/uploads\/2026\/02\/businesswomen-300x300.jpg 300w, https:\/\/events.miamibeachfl.gov\/wp-content\/uploads\/2026\/02\/businesswomen-150x150.jpg 150w, https:\/\/events.miamibeachfl.gov\/wp-content\/uploads\/2026\/02\/businesswomen-12x12.jpg 12w\" sizes=\"auto, (max-width: 500px) 100vw, 500px\" \/>\n\t\t\t\t\t<\/div>\n\t<\/div>\n<\/div>\n<\/div>\n\t\t\t<div class=\"fl-col fl-node-syir9qvo654p fl-col-bg-color\" data-node=\"syir9qvo654p\">\n\t<div class=\"fl-col-content fl-node-content\"><h2  class=\"fl-module fl-module-heading fl-heading fl-heading-text fl-node-d6r4n20zt9x1\" data-node=\"d6r4n20zt9x1\">\n\t\t\tMIAMI BEACH\t<\/h2>\n<h3  class=\"fl-module fl-module-heading fl-heading fl-heading-text fl-node-lus36x4mbji8\" data-node=\"lus36x4mbji8\">\n\t\t\tPRONTO PARA NEG\u00d3CIOS\t<\/h3>\n<h3  class=\"fl-module fl-module-heading fl-heading fl-heading-text fl-node-4ijvt1nkec70\" data-node=\"4ijvt1nkec70\">\n\t\t\tDIAS\t<\/h3>\n<h4  class=\"fl-module fl-module-heading fl-heading fl-heading-text fl-node-1gbpi6da4ef0\" data-node=\"1gbpi6da4ef0\">\n\t\t\tPrefeitura (1700 Convention Center Drive, Departamento de Constru\u00e7\u00e3o da Prefeitura - Sala de Confer\u00eancias do 2\u00ba Andar)\t<\/h4>\n<\/div>\n<\/div>\n\t<\/div>\n<div  class=\"fl-module fl-module-separator fl-node-pbv28hra3s7o\" data-node=\"pbv28hra3s7o\">\n\t<div class=\"fl-separator\"><\/div>\n<\/div>\n<div  class=\"fl-module fl-module-rich-text fl-rich-text fl-node-bck5n4sp3q8v\" data-node=\"bck5n4sp3q8v\">\n\t<p class=\"ai-optimize-6 ai-optimize-introduction\"><span data-teams=\"true\">A cidade de Miami Beach sediar\u00e1 um <b>Dia de Prepara\u00e7\u00e3o para Neg\u00f3cios<\/b> de <strong>9<\/strong><b> das 8h \u00e0s 14h<\/b> no <b>Prefeitura (1700 Convention Center Drive, Departamento de Constru\u00e7\u00e3o da Prefeitura - Sala de Confer\u00eancias do 2\u00ba Andar)<\/b>Os Business Ready Days s\u00e3o realizados trimestralmente e t\u00eam como objetivo servir como um recurso completo para empreendedores e propriet\u00e1rios de empresas locais.<\/span><\/p>\n<p class=\"ai-optimize-6\">Durante o evento, as empresas poder\u00e3o receber assist\u00eancia personalizada para obter ou renovar seu Alvar\u00e1 de Funcionamento (Business Tax Receipt - BTR), al\u00e9m de orienta\u00e7\u00f5es sobre as exig\u00eancias regulat\u00f3rias da cidade e do condado. Representantes de todos os departamentos envolvidos no processo do BTR estar\u00e3o dispon\u00edveis para oferecer suporte presencial e coordenado.<\/p>\n<p class=\"ai-optimize-7\">Os departamentos da cidade de Miami Beach que participam incluem Planejamento e Zoneamento, Constru\u00e7\u00e3o, Finan\u00e7as, Bombeiros, Desenvolvimento Econ\u00f4mico, Compras, Turismo e Cultura, Obras P\u00fablicas e o Escrit\u00f3rio de Gerenciamento de Emerg\u00eancias. Os parceiros do condado incluem o Departamento de Constru\u00e7\u00e3o do Condado de Miami-Dade, o Departamento de Recursos Regulat\u00f3rios e Econ\u00f4micos (DERM), o Departamento de \u00c1gua e Esgoto e a Secretaria de Arrecada\u00e7\u00e3o de Impostos do Condado de Miami-Dade. Juntas, essas ag\u00eancias ajudar\u00e3o as empresas a entender melhor os requisitos de licenciamento, conformidade e opera\u00e7\u00e3o.<\/p>\n<p class=\"ai-optimize-8\">O Departamento de Desenvolvimento Econ\u00f4mico estar\u00e1 dispon\u00edvel para discutir programas de incentivo a empresas, assist\u00eancia na sele\u00e7\u00e3o de locais e o Servi\u00e7o de Apoio Empresarial da cidade, que auxilia empresas a navegar pelos processos municipais e acessar recursos locais. O Departamento de Obras P\u00fablicas fornecer\u00e1 orienta\u00e7\u00f5es sobre o Programa de Caf\u00e9s na Cal\u00e7ada, incluindo requisitos de inscri\u00e7\u00e3o e melhores pr\u00e1ticas para ativar espa\u00e7os de refei\u00e7\u00f5es ao ar livre. O Departamento de Compras oferecer\u00e1 orienta\u00e7\u00f5es sobre certifica\u00e7\u00e3o de fornecedores e oportunidades de contrata\u00e7\u00e3o com o governo local, enquanto o Escrit\u00f3rio de Gerenciamento de Emerg\u00eancias compartilhar\u00e1 informa\u00e7\u00f5es sobre o programa Equipe de Resposta a Emerg\u00eancias Empresariais (BERT).<\/p>\n<p class=\"ai-optimize-9\">Organiza\u00e7\u00f5es parceiras tamb\u00e9m participar\u00e3o, incluindo a BrightStar Credit Union, que estar\u00e1 presente para compartilhar informa\u00e7\u00f5es sobre seus produtos banc\u00e1rios para empresas, programas financeiros, oportunidades de financiamento e recursos para pequenas empresas.<\/p>\n<p class=\"ai-optimize-7\">\n<\/div>\n<\/div>\n<\/div>\n\t<\/div>\n\t\t<\/div>\n\t<\/div>\n<\/div>\n<\/div>","protected":false},"excerpt":{"rendered":"<p>MIAMI BEACH BUSINESS READY DAYS Prefeitura (1700 Convention Center Drive, Departamento de Constru\u00e7\u00e3o da Prefeitura \u2013 Sala de Confer\u00eancias do 2\u00ba Andar) [\u2026]<\/p>","protected":false},"author":222,"featured_media":0,"parent":0,"menu_order":2,"comment_status":"closed","ping_status":"closed","template":"","meta":{"site-sidebar-layout":"default","site-content-layout":"","ast-site-content-layout":"default","site-content-style":"default","site-sidebar-style":"default","ast-global-header-display":"","ast-banner-title-visibility":"","ast-main-header-display":"","ast-hfb-above-header-display":"","ast-hfb-below-header-display":"","ast-hfb-mobile-header-display":"","site-post-title":"","ast-breadcrumbs-content":"","ast-featured-img":"","footer-sml-layout":"","theme-transparent-header-meta":"default","adv-header-id-meta":"","stick-header-meta":"default","header-above-stick-meta":"","header-main-stick-meta":"","header-below-stick-meta":"","astra-migrate-meta-layouts":"set","ast-page-background-enabled":"default","ast-page-background-meta":{"desktop":{"background-color":"var(--ast-global-color-5)","background-image":"","background-repeat":"repeat","background-position":"center center","background-size":"auto","background-attachment":"scroll","background-type":"","background-media":"","overlay-type":"","overlay-color":"","overlay-opacity":"","overlay-gradient":""},"tablet":{"background-color":"","background-image":"","background-repeat":"repeat","background-position":"center center","background-size":"auto","background-attachment":"scroll","background-type":"","background-media":"","overlay-type":"","overlay-color":"","overlay-opacity":"","overlay-gradient":""},"mobile":{"background-color":"","background-image":"","background-repeat":"repeat","background-position":"center center","background-size":"auto","background-attachment":"scroll","background-type":"","background-media":"","overlay-type":"","overlay-color":"","overlay-opacity":"","overlay-gradient":""}},"ast-content-background-meta":{"desktop":{"background-color":"var(--ast-global-color-4)","background-image":"","background-repeat":"repeat","background-position":"center center","background-size":"auto","background-attachment":"scroll","background-type":"","background-media":"","overlay-type":"","overlay-color":"","overlay-opacity":"","overlay-gradient":""},"tablet":{"background-color":"var(--ast-global-color-4)","background-image":"","background-repeat":"repeat","background-position":"center center","background-size":"auto","background-attachment":"scroll","background-type":"","background-media":"","overlay-type":"","overlay-color":"","overlay-opacity":"","overlay-gradient":""},"mobile":{"background-color":"var(--ast-global-color-4)","background-image":"","background-repeat":"repeat","background-position":"center center","background-size":"auto","background-attachment":"scroll","background-type":"","background-media":"","overlay-type":"","overlay-color":"","overlay-opacity":"","overlay-gradient":""}},"footnotes":""},"categories":[],"tags":[],"class_list":["post-375022","page","type-page","status-publish","hentry","cat_city-meetings","cat_economic-development","cat_featured-events"],"yoast_head":"<!-- This site is optimized with the Yoast SEO Premium plugin v25.2 (Yoast SEO v25.2) - https:\/\/yoast.com\/wordpress\/plugins\/seo\/ -->\n<title>Economic Development - City of Miami Beach<\/title>\n<meta name=\"description\" content=\"%\" \/>\n<meta name=\"robots\" content=\"index, follow, max-snippet:-1, max-image-preview:large, max-video-preview:-1\" \/>\n<link rel=\"canonical\" href=\"https:\/\/events.miamibeachfl.gov\/pt\/economic-development-events\/\" \/>\n<meta property=\"og:locale\" content=\"pt_BR\" \/>\n<meta property=\"og:type\" content=\"article\" \/>\n<meta property=\"og:title\" content=\"Economic Development\" \/>\n<meta property=\"og:description\" content=\"%\" \/>\n<meta property=\"og:url\" content=\"https:\/\/events.miamibeachfl.gov\/pt\/economic-development-events\/\" \/>\n<meta property=\"og:site_name\" content=\"City of Miami Beach\" \/>\n<meta property=\"article:publisher\" content=\"https:\/\/www.facebook.com\/cityofmiamibeach\" \/>\n<meta property=\"article:modified_time\" content=\"2026-03-20T14:32:03+00:00\" \/>\n<meta property=\"og:image\" content=\"https:\/\/events.miamibeachfl.gov\/wp-content\/uploads\/2022\/09\/cityofmiamibeach.jpeg\" \/>\n\t<meta property=\"og:image:width\" content=\"400\" \/>\n\t<meta property=\"og:image:height\" content=\"400\" \/>\n\t<meta property=\"og:image:type\" content=\"image\/jpeg\" \/>\n<meta name=\"twitter:card\" content=\"summary_large_image\" \/>\n<meta name=\"twitter:site\" content=\"@Miamibeachnews\" \/>\n<script type=\"application\/ld+json\" class=\"yoast-schema-graph\">{\"@context\":\"https:\/\/schema.org\",\"@graph\":[{\"@type\":\"WebPage\",\"@id\":\"https:\/\/events.miamibeachfl.gov\/economic-development-events\/\",\"url\":\"https:\/\/events.miamibeachfl.gov\/economic-development-events\/\",\"name\":\"Economic Development - City of Miami Beach\",\"isPartOf\":{\"@id\":\"https:\/\/events.miamibeachfl.gov\/#website\"},\"datePublished\":\"2025-06-04T17:12:07+00:00\",\"dateModified\":\"2026-03-20T14:32:03+00:00\",\"description\":\"%\",\"breadcrumb\":{\"@id\":\"https:\/\/events.miamibeachfl.gov\/economic-development-events\/#breadcrumb\"},\"inLanguage\":\"pt-BR\",\"potentialAction\":[{\"@type\":\"ReadAction\",\"target\":[\"https:\/\/events.miamibeachfl.gov\/economic-development-events\/\"]}]},{\"@type\":\"BreadcrumbList\",\"@id\":\"https:\/\/events.miamibeachfl.gov\/economic-development-events\/#breadcrumb\",\"itemListElement\":[{\"@type\":\"ListItem\",\"position\":1,\"name\":\"Home\",\"item\":\"https:\/\/events.miamibeachfl.gov\/\"},{\"@type\":\"ListItem\",\"position\":2,\"name\":\"Economic Development\"}]},{\"@type\":\"WebSite\",\"@id\":\"https:\/\/events.miamibeachfl.gov\/#website\",\"url\":\"https:\/\/events.miamibeachfl.gov\/\",\"name\":\"City of Miami Beach Events Calendar\",\"description\":\"The official website of the City of Miami Beach. Stay informed, find important information on city services, news, alerts, events, trolley routes, government employment and more.\",\"publisher\":{\"@id\":\"https:\/\/events.miamibeachfl.gov\/#organization\"},\"potentialAction\":[{\"@type\":\"SearchAction\",\"target\":{\"@type\":\"EntryPoint\",\"urlTemplate\":\"https:\/\/events.miamibeachfl.gov\/?s={search_term_string}\"},\"query-input\":{\"@type\":\"PropertyValueSpecification\",\"valueRequired\":true,\"valueName\":\"search_term_string\"}}],\"inLanguage\":\"pt-BR\"},{\"@type\":\"Organization\",\"@id\":\"https:\/\/events.miamibeachfl.gov\/#organization\",\"name\":\"City of Miami Beach\",\"url\":\"https:\/\/events.miamibeachfl.gov\/\",\"logo\":{\"@type\":\"ImageObject\",\"inLanguage\":\"pt-BR\",\"@id\":\"https:\/\/events.miamibeachfl.gov\/#\/schema\/logo\/image\/\",\"url\":\"https:\/\/events.miamibeachfl.gov\/wp-content\/uploads\/2022\/06\/miamibeach-logoblue.png\",\"contentUrl\":\"https:\/\/events.miamibeachfl.gov\/wp-content\/uploads\/2022\/06\/miamibeach-logoblue.png\",\"width\":1962,\"height\":381,\"caption\":\"City of Miami Beach\"},\"image\":{\"@id\":\"https:\/\/events.miamibeachfl.gov\/#\/schema\/logo\/image\/\"},\"sameAs\":[\"https:\/\/www.facebook.com\/cityofmiamibeach\",\"https:\/\/x.com\/Miamibeachnews\",\"https:\/\/www.instagram.com\/miamibeachnews\/\"],\"description\":\"The official website of the City of Miami Beach. Stay informed, find important information on city services, news, alerts, events, trolley routes, government employment and more.\",\"telephone\":\"305.604.CITY(2489)\",\"legalName\":\"City of Miami Beach\"}]}<\/script>\n<!-- \/ Yoast SEO Premium plugin. -->","yoast_head_json":{"title":"Economic Development - City of Miami Beach","description":"%","robots":{"index":"index","follow":"follow","max-snippet":"max-snippet:-1","max-image-preview":"max-image-preview:large","max-video-preview":"max-video-preview:-1"},"canonical":"https:\/\/events.miamibeachfl.gov\/pt\/economic-development-events\/","og_locale":"pt_BR","og_type":"article","og_title":"Economic Development","og_description":"%","og_url":"https:\/\/events.miamibeachfl.gov\/pt\/economic-development-events\/","og_site_name":"City of Miami Beach","article_publisher":"https:\/\/www.facebook.com\/cityofmiamibeach","article_modified_time":"2026-03-20T14:32:03+00:00","og_image":[{"width":400,"height":400,"url":"https:\/\/events.miamibeachfl.gov\/wp-content\/uploads\/2022\/09\/cityofmiamibeach.jpeg","type":"image\/jpeg"}],"twitter_card":"summary_large_image","twitter_site":"@Miamibeachnews","schema":{"@context":"https:\/\/schema.org","@graph":[{"@type":"WebPage","@id":"https:\/\/events.miamibeachfl.gov\/economic-development-events\/","url":"https:\/\/events.miamibeachfl.gov\/economic-development-events\/","name":"Economic Development - City of Miami Beach","isPartOf":{"@id":"https:\/\/events.miamibeachfl.gov\/#website"},"datePublished":"2025-06-04T17:12:07+00:00","dateModified":"2026-03-20T14:32:03+00:00","description":"%","breadcrumb":{"@id":"https:\/\/events.miamibeachfl.gov\/economic-development-events\/#breadcrumb"},"inLanguage":"pt-BR","potentialAction":[{"@type":"ReadAction","target":["https:\/\/events.miamibeachfl.gov\/economic-development-events\/"]}]},{"@type":"BreadcrumbList","@id":"https:\/\/events.miamibeachfl.gov\/economic-development-events\/#breadcrumb","itemListElement":[{"@type":"ListItem","position":1,"name":"Home","item":"https:\/\/events.miamibeachfl.gov\/"},{"@type":"ListItem","position":2,"name":"Economic Development"}]},{"@type":"WebSite","@id":"https:\/\/events.miamibeachfl.gov\/#website","url":"https:\/\/events.miamibeachfl.gov\/","name":"City of Miami Beach Events Calendar","description":"The official website of the City of Miami Beach. Stay informed, find important information on city services, news, alerts, events, trolley routes, government employment and more.","publisher":{"@id":"https:\/\/events.miamibeachfl.gov\/#organization"},"potentialAction":[{"@type":"SearchAction","target":{"@type":"EntryPoint","urlTemplate":"https:\/\/events.miamibeachfl.gov\/?s={search_term_string}"},"query-input":{"@type":"PropertyValueSpecification","valueRequired":true,"valueName":"search_term_string"}}],"inLanguage":"pt-BR"},{"@type":"Organization","@id":"https:\/\/events.miamibeachfl.gov\/#organization","name":"City of Miami Beach","url":"https:\/\/events.miamibeachfl.gov\/","logo":{"@type":"ImageObject","inLanguage":"pt-BR","@id":"https:\/\/events.miamibeachfl.gov\/#\/schema\/logo\/image\/","url":"https:\/\/events.miamibeachfl.gov\/wp-content\/uploads\/2022\/06\/miamibeach-logoblue.png","contentUrl":"https:\/\/events.miamibeachfl.gov\/wp-content\/uploads\/2022\/06\/miamibeach-logoblue.png","width":1962,"height":381,"caption":"City of Miami Beach"},"image":{"@id":"https:\/\/events.miamibeachfl.gov\/#\/schema\/logo\/image\/"},"sameAs":["https:\/\/www.facebook.com\/cityofmiamibeach","https:\/\/x.com\/Miamibeachnews","https:\/\/www.instagram.com\/miamibeachnews\/"],"description":"The official website of the City of Miami Beach. Stay informed, find important information on city services, news, alerts, events, trolley routes, government employment and more.","telephone":"305.604.CITY(2489)","legalName":"City of Miami Beach"}]}},"_links":{"self":[{"href":"https:\/\/events.miamibeachfl.gov\/pt\/wp-json\/wp\/v2\/pages\/375022","targetHints":{"allow":["GET"]}}],"collection":[{"href":"https:\/\/events.miamibeachfl.gov\/pt\/wp-json\/wp\/v2\/pages"}],"about":[{"href":"https:\/\/events.miamibeachfl.gov\/pt\/wp-json\/wp\/v2\/types\/page"}],"author":[{"embeddable":true,"href":"https:\/\/events.miamibeachfl.gov\/pt\/wp-json\/wp\/v2\/users\/222"}],"replies":[{"embeddable":true,"href":"https:\/\/events.miamibeachfl.gov\/pt\/wp-json\/wp\/v2\/comments?post=375022"}],"version-history":[{"count":9,"href":"https:\/\/events.miamibeachfl.gov\/pt\/wp-json\/wp\/v2\/pages\/375022\/revisions"}],"predecessor-version":[{"id":391693,"href":"https:\/\/events.miamibeachfl.gov\/pt\/wp-json\/wp\/v2\/pages\/375022\/revisions\/391693"}],"wp:attachment":[{"href":"https:\/\/events.miamibeachfl.gov\/pt\/wp-json\/wp\/v2\/media?parent=375022"}],"wp:term":[{"taxonomy":"category","embeddable":true,"href":"https:\/\/events.miamibeachfl.gov\/pt\/wp-json\/wp\/v2\/categories?post=375022"},{"taxonomy":"post_tag","embeddable":true,"href":"https:\/\/events.miamibeachfl.gov\/pt\/wp-json\/wp\/v2\/tags?post=375022"}],"curies":[{"name":"wp","href":"https:\/\/api.w.org\/{rel}","templated":true}]}}