{"id":375022,"date":"2025-06-04T13:12:07","date_gmt":"2025-06-04T17:12:07","guid":{"rendered":"https:\/\/events.miamibeachfl.gov\/?page_id=375022"},"modified":"2026-03-20T10:32:03","modified_gmt":"2026-03-20T14:32:03","slug":"economic-development-events","status":"publish","type":"page","link":"https:\/\/events.miamibeachfl.gov\/fr\/economic-development-events\/","title":{"rendered":"D\u00e9veloppement \u00e9conomique"},"content":{"rendered":"<div class=\"fl-builder-content fl-builder-content-10104298 fl-builder-global-templates-locked\" data-post-id=\"10104298\"><div class=\"fl-row fl-row-fixed-width fl-row-bg-none fl-node-qs1562klgctp fl-row-default-height fl-row-align-center\" data-node=\"qs1562klgctp\">\n\t<div class=\"fl-row-content-wrap\">\n\t\t\t\t\t\t<div class=\"fl-row-content fl-row-fixed-width fl-node-content\">\n\t\t\n<div class=\"fl-col-group fl-node-m08kqsxnzhle\" data-node=\"m08kqsxnzhle\">\n\t\t\t<div class=\"fl-col fl-node-4lqahz8i1tb0 fl-col-bg-color fl-col-has-cols\" data-node=\"4lqahz8i1tb0\">\n\t<div class=\"fl-col-content fl-node-content\">\n<div class=\"fl-col-group fl-node-jdq28gmux0zh fl-col-group-nested fl-col-group-equal-height fl-col-group-align-top\" data-node=\"jdq28gmux0zh\">\n\t\t\t<div class=\"fl-col fl-node-jc7ep5sv8zaq fl-col-bg-color fl-col-small\" data-node=\"jc7ep5sv8zaq\">\n\t<div class=\"fl-col-content fl-node-content\"><div\n class=\"fl-module fl-module-photo fl-photo fl-photo-align-center fl-node-jsto7mif1h36\" data-node=\"jsto7mif1h36\" itemscope itemtype=\"https:\/\/schema.org\/ImageObject\">\n\t<div class=\"fl-photo-content fl-photo-img-jpg\">\n\t\t\t\t<img decoding=\"async\" class=\"fl-photo-img wp-image-391220 size-full\" src=\"https:\/\/events.miamibeachfl.gov\/wp-content\/uploads\/2026\/02\/businesswomen.jpg\" alt=\"business women\" itemprop=\"image\" height=\"500\" width=\"500\" title=\"femmes d&#039;affaires\" loading='lazy' srcset=\"https:\/\/events.miamibeachfl.gov\/wp-content\/uploads\/2026\/02\/businesswomen.jpg 500w, https:\/\/events.miamibeachfl.gov\/wp-content\/uploads\/2026\/02\/businesswomen-300x300.jpg 300w, https:\/\/events.miamibeachfl.gov\/wp-content\/uploads\/2026\/02\/businesswomen-150x150.jpg 150w, https:\/\/events.miamibeachfl.gov\/wp-content\/uploads\/2026\/02\/businesswomen-12x12.jpg 12w\" sizes=\"auto, (max-width: 500px) 100vw, 500px\" \/>\n\t\t\t\t\t<\/div>\n\t<\/div>\n<\/div>\n<\/div>\n\t\t\t<div class=\"fl-col fl-node-syir9qvo654p fl-col-bg-color\" data-node=\"syir9qvo654p\">\n\t<div class=\"fl-col-content fl-node-content\"><h2  class=\"fl-module fl-module-heading fl-heading fl-heading-text fl-node-d6r4n20zt9x1\" data-node=\"d6r4n20zt9x1\">\n\t\t\tMIAMI BEACH\t<\/h2>\n<h3  class=\"fl-module fl-module-heading fl-heading fl-heading-text fl-node-lus36x4mbji8\" data-node=\"lus36x4mbji8\">\n\t\t\tPR\u00caT POUR L&#039;AFFAIRES\t<\/h3>\n<h3  class=\"fl-module fl-module-heading fl-heading fl-heading-text fl-node-4ijvt1nkec70\" data-node=\"4ijvt1nkec70\">\n\t\t\tJOURS\t<\/h3>\n<h4  class=\"fl-module fl-module-heading fl-heading fl-heading-text fl-node-1gbpi6da4ef0\" data-node=\"1gbpi6da4ef0\">\n\t\t\tH\u00f4tel de ville (1700 Convention Center Drive, service du b\u00e2timent de l&#039;h\u00f4tel de ville - salle de conf\u00e9rence du 2e \u00e9tage)\t<\/h4>\n<\/div>\n<\/div>\n\t<\/div>\n<div  class=\"fl-module fl-module-separator fl-node-pbv28hra3s7o\" data-node=\"pbv28hra3s7o\">\n\t<div class=\"fl-separator\"><\/div>\n<\/div>\n<div  class=\"fl-module fl-module-rich-text fl-rich-text fl-node-bck5n4sp3q8v\" data-node=\"bck5n4sp3q8v\">\n\t<p class=\"ai-optimize-6 ai-optimize-introduction\"><span data-teams=\"true\">La ville de Miami Beach accueillera un <b>Journ\u00e9e de pr\u00e9paration aux affaires<\/b> depuis <strong>9<\/strong><b> de 10h \u00e0 14h<\/b> \u00e0 <b>H\u00f4tel de ville (1700 Convention Center Drive, service du b\u00e2timent de l&#039;h\u00f4tel de ville - salle de conf\u00e9rence du 2e \u00e9tage)<\/b>Les Journ\u00e9es de pr\u00e9paration aux affaires ont lieu chaque trimestre et sont con\u00e7ues pour servir de guichet unique aux entrepreneurs et chefs d&#039;entreprise locaux.<\/span><\/p>\n<p class=\"ai-optimize-6\">Durant cet \u00e9v\u00e9nement, les entreprises pourront b\u00e9n\u00e9ficier d&#039;une assistance personnalis\u00e9e pour l&#039;obtention ou le renouvellement de leur certificat de taxe professionnelle (BTR), ainsi que de conseils sur les exigences r\u00e9glementaires de la ville et du comt\u00e9. Des repr\u00e9sentants de tous les services impliqu\u00e9s dans le processus BTR seront pr\u00e9sents pour offrir un soutien coordonn\u00e9 et en personne.<\/p>\n<p class=\"ai-optimize-7\">Les services municipaux de Miami Beach participants comprennent l&#039;urbanisme, le b\u00e2timent, les finances, les pompiers, le d\u00e9veloppement \u00e9conomique, les march\u00e9s publics, le tourisme et la culture, les travaux publics et le service de gestion des urgences. Les partenaires du comt\u00e9 incluent le service du b\u00e2timent du comt\u00e9 de Miami-Dade, le d\u00e9partement des ressources r\u00e9glementaires et \u00e9conomiques (DERM), le service des eaux et de l&#039;assainissement et le service des imp\u00f4ts du comt\u00e9 de Miami-Dade. Ensemble, ces organismes aideront les entreprises \u00e0 mieux comprendre les exigences en mati\u00e8re de permis, de conformit\u00e9 et d&#039;exploitation.<\/p>\n<p class=\"ai-optimize-8\">Le service du d\u00e9veloppement \u00e9conomique sera disponible pour discuter des programmes d&#039;incitation aux entreprises, de l&#039;aide \u00e0 la recherche d&#039;emplacement et du service d&#039;accompagnement aux entreprises de la Ville, qui aide les entreprises \u00e0 s&#039;orienter dans les d\u00e9marches administratives et \u00e0 acc\u00e9der aux ressources locales. Le service des travaux publics fournira des conseils sur le programme des terrasses de caf\u00e9, notamment sur les conditions d&#039;inscription et les bonnes pratiques pour l&#039;am\u00e9nagement d&#039;espaces de restauration en plein air. Le service des achats offrira des conseils sur la certification des fournisseurs et les possibilit\u00e9s de march\u00e9s publics locaux, tandis que le bureau de la gestion des urgences partagera des informations sur le programme de l&#039;\u00e9quipe d&#039;intervention d&#039;urgence pour les entreprises (BERT).<\/p>\n<p class=\"ai-optimize-9\">Des organisations partenaires participeront \u00e9galement, notamment BrightStar Credit Union, qui sera sur place pour partager des informations sur ses produits bancaires aux entreprises, ses programmes financiers, ses possibilit\u00e9s de financement et ses ressources pour les petites entreprises.<\/p>\n<p class=\"ai-optimize-7\">\n<\/div>\n<\/div>\n<\/div>\n\t<\/div>\n\t\t<\/div>\n\t<\/div>\n<\/div>\n<\/div>","protected":false},"excerpt":{"rendered":"<p>JOURN\u00c9ES BUSINESS READY EASING \u00c0 MIAMI BEACH H\u00f4tel de ville (1700 Convention Center Drive, Service du b\u00e2timent de l&#039;h\u00f4tel de ville \u2013 Salle de conf\u00e9rence du 2e \u00e9tage) [\u2026]<\/p>","protected":false},"author":222,"featured_media":0,"parent":0,"menu_order":2,"comment_status":"closed","ping_status":"closed","template":"","meta":{"site-sidebar-layout":"default","site-content-layout":"","ast-site-content-layout":"default","site-content-style":"default","site-sidebar-style":"default","ast-global-header-display":"","ast-banner-title-visibility":"","ast-main-header-display":"","ast-hfb-above-header-display":"","ast-hfb-below-header-display":"","ast-hfb-mobile-header-display":"","site-post-title":"","ast-breadcrumbs-content":"","ast-featured-img":"","footer-sml-layout":"","theme-transparent-header-meta":"default","adv-header-id-meta":"","stick-header-meta":"default","header-above-stick-meta":"","header-main-stick-meta":"","header-below-stick-meta":"","astra-migrate-meta-layouts":"set","ast-page-background-enabled":"default","ast-page-background-meta":{"desktop":{"background-color":"var(--ast-global-color-5)","background-image":"","background-repeat":"repeat","background-position":"center center","background-size":"auto","background-attachment":"scroll","background-type":"","background-media":"","overlay-type":"","overlay-color":"","overlay-opacity":"","overlay-gradient":""},"tablet":{"background-color":"","background-image":"","background-repeat":"repeat","background-position":"center center","background-size":"auto","background-attachment":"scroll","background-type":"","background-media":"","overlay-type":"","overlay-color":"","overlay-opacity":"","overlay-gradient":""},"mobile":{"background-color":"","background-image":"","background-repeat":"repeat","background-position":"center center","background-size":"auto","background-attachment":"scroll","background-type":"","background-media":"","overlay-type":"","overlay-color":"","overlay-opacity":"","overlay-gradient":""}},"ast-content-background-meta":{"desktop":{"background-color":"var(--ast-global-color-4)","background-image":"","background-repeat":"repeat","background-position":"center center","background-size":"auto","background-attachment":"scroll","background-type":"","background-media":"","overlay-type":"","overlay-color":"","overlay-opacity":"","overlay-gradient":""},"tablet":{"background-color":"var(--ast-global-color-4)","background-image":"","background-repeat":"repeat","background-position":"center center","background-size":"auto","background-attachment":"scroll","background-type":"","background-media":"","overlay-type":"","overlay-color":"","overlay-opacity":"","overlay-gradient":""},"mobile":{"background-color":"var(--ast-global-color-4)","background-image":"","background-repeat":"repeat","background-position":"center center","background-size":"auto","background-attachment":"scroll","background-type":"","background-media":"","overlay-type":"","overlay-color":"","overlay-opacity":"","overlay-gradient":""}},"footnotes":""},"class_list":["post-375022","page","type-page","status-publish","hentry","cat_city-meetings","cat_economic-development","cat_featured-events"],"yoast_head":"<!-- This site is optimized with the Yoast SEO Premium plugin v25.2 (Yoast SEO v25.2) - https:\/\/yoast.com\/wordpress\/plugins\/seo\/ -->\n<title>Economic Development - City of Miami Beach<\/title>\n<meta name=\"description\" content=\"%\" \/>\n<meta name=\"robots\" content=\"index, follow, max-snippet:-1, max-image-preview:large, max-video-preview:-1\" \/>\n<link rel=\"canonical\" href=\"https:\/\/events.miamibeachfl.gov\/fr\/economic-development-events\/\" \/>\n<meta property=\"og:locale\" content=\"fr_FR\" \/>\n<meta property=\"og:type\" content=\"article\" \/>\n<meta property=\"og:title\" content=\"Economic Development\" \/>\n<meta property=\"og:description\" content=\"%\" \/>\n<meta property=\"og:url\" content=\"https:\/\/events.miamibeachfl.gov\/fr\/economic-development-events\/\" \/>\n<meta property=\"og:site_name\" content=\"City of Miami Beach\" \/>\n<meta property=\"article:publisher\" content=\"https:\/\/www.facebook.com\/cityofmiamibeach\" \/>\n<meta property=\"article:modified_time\" content=\"2026-03-20T14:32:03+00:00\" \/>\n<meta property=\"og:image\" content=\"https:\/\/events.miamibeachfl.gov\/wp-content\/uploads\/2022\/09\/cityofmiamibeach.jpeg\" \/>\n\t<meta property=\"og:image:width\" content=\"400\" \/>\n\t<meta property=\"og:image:height\" content=\"400\" \/>\n\t<meta property=\"og:image:type\" content=\"image\/jpeg\" \/>\n<meta name=\"twitter:card\" content=\"summary_large_image\" \/>\n<meta name=\"twitter:site\" content=\"@Miamibeachnews\" \/>\n<script type=\"application\/ld+json\" class=\"yoast-schema-graph\">{\"@context\":\"https:\/\/schema.org\",\"@graph\":[{\"@type\":\"WebPage\",\"@id\":\"https:\/\/events.miamibeachfl.gov\/economic-development-events\/\",\"url\":\"https:\/\/events.miamibeachfl.gov\/economic-development-events\/\",\"name\":\"Economic Development - City of Miami Beach\",\"isPartOf\":{\"@id\":\"https:\/\/events.miamibeachfl.gov\/#website\"},\"datePublished\":\"2025-06-04T17:12:07+00:00\",\"dateModified\":\"2026-03-20T14:32:03+00:00\",\"description\":\"%\",\"breadcrumb\":{\"@id\":\"https:\/\/events.miamibeachfl.gov\/economic-development-events\/#breadcrumb\"},\"inLanguage\":\"fr-FR\",\"potentialAction\":[{\"@type\":\"ReadAction\",\"target\":[\"https:\/\/events.miamibeachfl.gov\/economic-development-events\/\"]}]},{\"@type\":\"BreadcrumbList\",\"@id\":\"https:\/\/events.miamibeachfl.gov\/economic-development-events\/#breadcrumb\",\"itemListElement\":[{\"@type\":\"ListItem\",\"position\":1,\"name\":\"Home\",\"item\":\"https:\/\/events.miamibeachfl.gov\/\"},{\"@type\":\"ListItem\",\"position\":2,\"name\":\"Economic Development\"}]},{\"@type\":\"WebSite\",\"@id\":\"https:\/\/events.miamibeachfl.gov\/#website\",\"url\":\"https:\/\/events.miamibeachfl.gov\/\",\"name\":\"City of Miami Beach Events Calendar\",\"description\":\"The official website of the City of Miami Beach. Stay informed, find important information on city services, news, alerts, events, trolley routes, government employment and more.\",\"publisher\":{\"@id\":\"https:\/\/events.miamibeachfl.gov\/#organization\"},\"potentialAction\":[{\"@type\":\"SearchAction\",\"target\":{\"@type\":\"EntryPoint\",\"urlTemplate\":\"https:\/\/events.miamibeachfl.gov\/?s={search_term_string}\"},\"query-input\":{\"@type\":\"PropertyValueSpecification\",\"valueRequired\":true,\"valueName\":\"search_term_string\"}}],\"inLanguage\":\"fr-FR\"},{\"@type\":\"Organization\",\"@id\":\"https:\/\/events.miamibeachfl.gov\/#organization\",\"name\":\"City of Miami Beach\",\"url\":\"https:\/\/events.miamibeachfl.gov\/\",\"logo\":{\"@type\":\"ImageObject\",\"inLanguage\":\"fr-FR\",\"@id\":\"https:\/\/events.miamibeachfl.gov\/#\/schema\/logo\/image\/\",\"url\":\"https:\/\/events.miamibeachfl.gov\/wp-content\/uploads\/2022\/06\/miamibeach-logoblue.png\",\"contentUrl\":\"https:\/\/events.miamibeachfl.gov\/wp-content\/uploads\/2022\/06\/miamibeach-logoblue.png\",\"width\":1962,\"height\":381,\"caption\":\"City of Miami Beach\"},\"image\":{\"@id\":\"https:\/\/events.miamibeachfl.gov\/#\/schema\/logo\/image\/\"},\"sameAs\":[\"https:\/\/www.facebook.com\/cityofmiamibeach\",\"https:\/\/x.com\/Miamibeachnews\",\"https:\/\/www.instagram.com\/miamibeachnews\/\"],\"description\":\"The official website of the City of Miami Beach. Stay informed, find important information on city services, news, alerts, events, trolley routes, government employment and more.\",\"telephone\":\"305.604.CITY(2489)\",\"legalName\":\"City of Miami Beach\"}]}<\/script>\n<!-- \/ Yoast SEO Premium plugin. -->","yoast_head_json":{"title":"Economic Development - City of Miami Beach","description":"%","robots":{"index":"index","follow":"follow","max-snippet":"max-snippet:-1","max-image-preview":"max-image-preview:large","max-video-preview":"max-video-preview:-1"},"canonical":"https:\/\/events.miamibeachfl.gov\/fr\/economic-development-events\/","og_locale":"fr_FR","og_type":"article","og_title":"Economic Development","og_description":"%","og_url":"https:\/\/events.miamibeachfl.gov\/fr\/economic-development-events\/","og_site_name":"City of Miami Beach","article_publisher":"https:\/\/www.facebook.com\/cityofmiamibeach","article_modified_time":"2026-03-20T14:32:03+00:00","og_image":[{"width":400,"height":400,"url":"https:\/\/events.miamibeachfl.gov\/wp-content\/uploads\/2022\/09\/cityofmiamibeach.jpeg","type":"image\/jpeg"}],"twitter_card":"summary_large_image","twitter_site":"@Miamibeachnews","schema":{"@context":"https:\/\/schema.org","@graph":[{"@type":"WebPage","@id":"https:\/\/events.miamibeachfl.gov\/economic-development-events\/","url":"https:\/\/events.miamibeachfl.gov\/economic-development-events\/","name":"Economic Development - City of Miami Beach","isPartOf":{"@id":"https:\/\/events.miamibeachfl.gov\/#website"},"datePublished":"2025-06-04T17:12:07+00:00","dateModified":"2026-03-20T14:32:03+00:00","description":"%","breadcrumb":{"@id":"https:\/\/events.miamibeachfl.gov\/economic-development-events\/#breadcrumb"},"inLanguage":"fr-FR","potentialAction":[{"@type":"ReadAction","target":["https:\/\/events.miamibeachfl.gov\/economic-development-events\/"]}]},{"@type":"BreadcrumbList","@id":"https:\/\/events.miamibeachfl.gov\/economic-development-events\/#breadcrumb","itemListElement":[{"@type":"ListItem","position":1,"name":"Home","item":"https:\/\/events.miamibeachfl.gov\/"},{"@type":"ListItem","position":2,"name":"Economic Development"}]},{"@type":"WebSite","@id":"https:\/\/events.miamibeachfl.gov\/#website","url":"https:\/\/events.miamibeachfl.gov\/","name":"City of Miami Beach Events Calendar","description":"The official website of the City of Miami Beach. Stay informed, find important information on city services, news, alerts, events, trolley routes, government employment and more.","publisher":{"@id":"https:\/\/events.miamibeachfl.gov\/#organization"},"potentialAction":[{"@type":"SearchAction","target":{"@type":"EntryPoint","urlTemplate":"https:\/\/events.miamibeachfl.gov\/?s={search_term_string}"},"query-input":{"@type":"PropertyValueSpecification","valueRequired":true,"valueName":"search_term_string"}}],"inLanguage":"fr-FR"},{"@type":"Organization","@id":"https:\/\/events.miamibeachfl.gov\/#organization","name":"City of Miami Beach","url":"https:\/\/events.miamibeachfl.gov\/","logo":{"@type":"ImageObject","inLanguage":"fr-FR","@id":"https:\/\/events.miamibeachfl.gov\/#\/schema\/logo\/image\/","url":"https:\/\/events.miamibeachfl.gov\/wp-content\/uploads\/2022\/06\/miamibeach-logoblue.png","contentUrl":"https:\/\/events.miamibeachfl.gov\/wp-content\/uploads\/2022\/06\/miamibeach-logoblue.png","width":1962,"height":381,"caption":"City of Miami Beach"},"image":{"@id":"https:\/\/events.miamibeachfl.gov\/#\/schema\/logo\/image\/"},"sameAs":["https:\/\/www.facebook.com\/cityofmiamibeach","https:\/\/x.com\/Miamibeachnews","https:\/\/www.instagram.com\/miamibeachnews\/"],"description":"The official website of the City of Miami Beach. Stay informed, find important information on city services, news, alerts, events, trolley routes, government employment and more.","telephone":"305.604.CITY(2489)","legalName":"City of Miami Beach"}]}},"_links":{"self":[{"href":"https:\/\/events.miamibeachfl.gov\/fr\/wp-json\/wp\/v2\/pages\/375022","targetHints":{"allow":["GET"]}}],"collection":[{"href":"https:\/\/events.miamibeachfl.gov\/fr\/wp-json\/wp\/v2\/pages"}],"about":[{"href":"https:\/\/events.miamibeachfl.gov\/fr\/wp-json\/wp\/v2\/types\/page"}],"author":[{"embeddable":true,"href":"https:\/\/events.miamibeachfl.gov\/fr\/wp-json\/wp\/v2\/users\/222"}],"replies":[{"embeddable":true,"href":"https:\/\/events.miamibeachfl.gov\/fr\/wp-json\/wp\/v2\/comments?post=375022"}],"version-history":[{"count":9,"href":"https:\/\/events.miamibeachfl.gov\/fr\/wp-json\/wp\/v2\/pages\/375022\/revisions"}],"predecessor-version":[{"id":391693,"href":"https:\/\/events.miamibeachfl.gov\/fr\/wp-json\/wp\/v2\/pages\/375022\/revisions\/391693"}],"wp:attachment":[{"href":"https:\/\/events.miamibeachfl.gov\/fr\/wp-json\/wp\/v2\/media?parent=375022"}],"curies":[{"name":"wp","href":"https:\/\/api.w.org\/{rel}","templated":true}]}}