{"id":384782,"date":"2025-06-17T12:42:36","date_gmt":"2025-06-17T16:42:36","guid":{"rendered":"https:\/\/events.miamibeachfl.gov\/?page_id=384782"},"modified":"2025-06-17T12:45:13","modified_gmt":"2025-06-17T16:45:13","slug":"parksandrec-for-embedding","status":"publish","type":"page","link":"https:\/\/events.miamibeachfl.gov\/es\/parksandrec-for-embedding\/","title":{"rendered":"Parques y Recreaci\u00f3n para la Integraci\u00f3n"},"content":{"rendered":"<div class=\"fl-builder-content fl-builder-content-10104473 fl-builder-global-templates-locked\" data-post-id=\"10104473\"><div class=\"fl-row fl-row-fixed-width fl-row-bg-color fl-node-n9c83t5x4yfr fl-row-default-height fl-row-align-center\" data-node=\"n9c83t5x4yfr\">\n\t<div class=\"fl-row-content-wrap\">\n\t\t\t\t\t\t<div class=\"fl-row-content fl-row-fixed-width fl-node-content\">\n\t\t\n<div class=\"fl-col-group fl-node-wg0ctov925p8\" data-node=\"wg0ctov925p8\">\n\t\t\t<div class=\"fl-col fl-node-v81inhzkqtlw fl-col-bg-color\" data-node=\"v81inhzkqtlw\">\n\t<div class=\"fl-col-content fl-node-content\"><h2  class=\"fl-module fl-module-heading fl-heading fl-heading-text fl-node-cghq825nfuvd\" data-node=\"cghq825nfuvd\">\n\t\t\tDomingo, 17 de mayo | 10:00 - 15:00\t<\/h2>\n<div  class=\"fl-module fl-module-rich-text fl-rich-text fl-node-koayrmnced4v\" data-node=\"koayrmnced4v\">\n\t<p style=\"text-align: center;\"><span style=\"color: #ffffff;\"><strong>Centro Juvenil Scott Rakow, 2700 Avenida Sheridan<\/strong><\/span><br \/>\n<span style=\"color: #ffffff;\">(Hora de entrada: 9:30 AM)<\/span><\/p>\n<p style=\"text-align: center;\"><span style=\"color: #ffffff;\">Evento gratuito abierto a j\u00f3venes ajedrecistas de primaria y secundaria (de K a 12.\u00ba grado). Los participantes deber\u00e1n traer su propio almuerzo y merienda.<\/span><\/p>\n<p><span style=\"color: #ffffff;\">Fechas de inscripci\u00f3n:<\/span> <span style=\"color: #e5b569;\"><strong>13 de abril:<\/strong><\/span> <span style=\"color: #ffffff;\">Residentes de Miami Beach y estudiantes que asisten a una escuela de Miami Beach.<\/span><strong><span style=\"color: #e5b569;\"> 20 de abril:<\/span> <\/strong><span style=\"color: #ffffff;\">No residentes.<\/span><\/p>\n<\/div>\n<div class=\"fl-module fl-module-button fl-node-re1i2dsct8k0\" data-node=\"re1i2dsct8k0\">\n\t<div class=\"fl-module-content fl-node-content\">\n\t\t<div class=\"fl-button-wrap fl-button-width-auto fl-button-center fl-button-has-icon\">\n\t\t\t<a href=\"https:\/\/www.events4chess.com\/events\/?event_ID=2568\" target=\"_self\" class=\"fl-button\">\n\t\t\t\t\t\t\t<span class=\"fl-button-text\">Es necesario registrarse previamente. Haga clic aqu\u00ed para registrarse.<\/span>\n\t\t\t\t\t\t<i class=\"fl-button-icon fl-button-icon-after ua-icon ua-icon-arrow-right-circle\" aria-hidden=\"true\"><\/i>\n\t\t\t<\/a>\n<\/div>\n\t<\/div>\n<\/div>\n<div  class=\"fl-module fl-module-rich-text fl-rich-text fl-node-pq5m781cvr3u\" data-node=\"pq5m781cvr3u\">\n\t<p style=\"text-align: center;\"><b>No es necesario registrarse en la puerta. El aforo es limitado.<\/b><\/p>\n<\/div>\n<div\n class=\"fl-module fl-module-photo fl-photo fl-photo-align-center fl-node-hfjaitrkeq76\" data-node=\"hfjaitrkeq76\" itemscope itemtype=\"https:\/\/schema.org\/ImageObject\">\n\t<div class=\"fl-photo-content fl-photo-img-jpg\">\n\t\t\t\t<img decoding=\"async\" class=\"fl-photo-img wp-image-392281 size-full\" src=\"https:\/\/events.miamibeachfl.gov\/wp-content\/uploads\/2026\/04\/chesspieces.jpg\" alt=\"chess pieces\" itemprop=\"image\" height=\"227\" width=\"800\" title=\"piezas de ajedrez\" loading='lazy' srcset=\"https:\/\/events.miamibeachfl.gov\/wp-content\/uploads\/2026\/04\/chesspieces.jpg 800w, https:\/\/events.miamibeachfl.gov\/wp-content\/uploads\/2026\/04\/chesspieces-300x85.jpg 300w, https:\/\/events.miamibeachfl.gov\/wp-content\/uploads\/2026\/04\/chesspieces-768x218.jpg 768w, https:\/\/events.miamibeachfl.gov\/wp-content\/uploads\/2026\/04\/chesspieces-18x5.jpg 18w\" sizes=\"auto, (max-width: 800px) 100vw, 800px\" \/>\n\t\t\t\t\t<\/div>\n\t<\/div>\n<div\n class=\"fl-module fl-module-photo fl-photo fl-photo-align-center fl-node-dt9kh6lvys3m\" data-node=\"dt9kh6lvys3m\" itemscope itemtype=\"https:\/\/schema.org\/ImageObject\">\n\t<div class=\"fl-photo-content fl-photo-img-jpg\">\n\t\t\t\t<a href=\"https:\/\/www.events4chess.com\/events\/?event_ID=2568\"  target=\"_blank\" rel=\"noopener\"  itemprop=\"url\">\n\t\t\t\t<img decoding=\"async\" class=\"fl-photo-img wp-image-392285 size-full\" src=\"https:\/\/events.miamibeachfl.gov\/wp-content\/uploads\/2026\/04\/chessscantoregister2.jpg\" alt=\"Vice Mayor Laura Dominguez Photo and QR Code Scan Image\" itemprop=\"image\" height=\"146\" width=\"800\" title=\"Registro de escaneo de ajedrez 2\" loading='lazy' srcset=\"https:\/\/events.miamibeachfl.gov\/wp-content\/uploads\/2026\/04\/chessscantoregister2.jpg 800w, https:\/\/events.miamibeachfl.gov\/wp-content\/uploads\/2026\/04\/chessscantoregister2-300x55.jpg 300w, https:\/\/events.miamibeachfl.gov\/wp-content\/uploads\/2026\/04\/chessscantoregister2-768x140.jpg 768w, https:\/\/events.miamibeachfl.gov\/wp-content\/uploads\/2026\/04\/chessscantoregister2-18x3.jpg 18w\" sizes=\"auto, (max-width: 800px) 100vw, 800px\" \/>\n\t\t\t\t<\/a>\n\t\t\t\t\t\t<div class=\"fl-photo-caption fl-photo-caption-hover\" itemprop=\"caption\">Escanee el c\u00f3digo QR para registrarse en el evento.<\/div>\n\t\t\t<\/div>\n\t<\/div>\n<div  class=\"fl-module fl-module-rich-text fl-rich-text fl-node-mrcoxlzjyd5h\" data-node=\"mrcoxlzjyd5h\">\n\t<p class=\"ai-optimize-6 ai-optimize-introduction\">El Departamento de Parques y Recreaci\u00f3n de la Ciudad de Miami Beach y la Fundaci\u00f3n Nacional de Ajedrez Escolar invitan a j\u00f3venes ajedrecistas de los grados K a 12, sin clasificaci\u00f3n o con una clasificaci\u00f3n de hasta 1000 USCF, a competir en el Torneo Juvenil de Ajedrez de Miami Beach. La inscripci\u00f3n para residentes de Miami Beach y\/o estudiantes que asisten a una escuela en Miami Beach abre el 13 de abril \/ No residentes el 20 de abril a las\u00a0<strong><a href=\"https:\/\/www.events4chess.com\/events\/?event_ID=2568\">Haz clic aqu\u00ed para registrarte.<\/a><\/strong><u>.<\/u><\/p>\n<p class=\"ai-optimize-7\">La inscripci\u00f3n comienza a las 9:30 a. m.<\/p>\n<\/div>\n<\/div>\n<\/div>\n\t<\/div>\n\t\t<\/div>\n\t<\/div>\n<\/div>\n<\/div>","protected":false},"excerpt":{"rendered":"<p>Sunday, May 17 | 10AM &#8211; 3PM Scott Rakow Youth Center, 2700 Sheridan Avenue (Check-in time 9:30AM) Free event open [&hellip;]<\/p>","protected":false},"author":222,"featured_media":0,"parent":0,"menu_order":0,"comment_status":"closed","ping_status":"closed","template":"","meta":{"site-sidebar-layout":"default","site-content-layout":"","ast-site-content-layout":"default","site-content-style":"default","site-sidebar-style":"default","ast-global-header-display":"","ast-banner-title-visibility":"disabled","ast-main-header-display":"disabled","ast-hfb-above-header-display":"","ast-hfb-below-header-display":"disabled","ast-hfb-mobile-header-display":"disabled","site-post-title":"disabled","ast-breadcrumbs-content":"","ast-featured-img":"disabled","footer-sml-layout":"disabled","theme-transparent-header-meta":"default","adv-header-id-meta":"","stick-header-meta":"default","header-above-stick-meta":"","header-main-stick-meta":"","header-below-stick-meta":"","astra-migrate-meta-layouts":"set","ast-page-background-enabled":"default","ast-page-background-meta":{"desktop":{"background-color":"var(--ast-global-color-5)","background-image":"","background-repeat":"repeat","background-position":"center center","background-size":"auto","background-attachment":"scroll","background-type":"","background-media":"","overlay-type":"","overlay-color":"","overlay-opacity":"","overlay-gradient":""},"tablet":{"background-color":"","background-image":"","background-repeat":"repeat","background-position":"center center","background-size":"auto","background-attachment":"scroll","background-type":"","background-media":"","overlay-type":"","overlay-color":"","overlay-opacity":"","overlay-gradient":""},"mobile":{"background-color":"","background-image":"","background-repeat":"repeat","background-position":"center center","background-size":"auto","background-attachment":"scroll","background-type":"","background-media":"","overlay-type":"","overlay-color":"","overlay-opacity":"","overlay-gradient":""}},"ast-content-background-meta":{"desktop":{"background-color":"var(--ast-global-color-4)","background-image":"","background-repeat":"repeat","background-position":"center center","background-size":"auto","background-attachment":"scroll","background-type":"","background-media":"","overlay-type":"","overlay-color":"","overlay-opacity":"","overlay-gradient":""},"tablet":{"background-color":"var(--ast-global-color-4)","background-image":"","background-repeat":"repeat","background-position":"center center","background-size":"auto","background-attachment":"scroll","background-type":"","background-media":"","overlay-type":"","overlay-color":"","overlay-opacity":"","overlay-gradient":""},"mobile":{"background-color":"var(--ast-global-color-4)","background-image":"","background-repeat":"repeat","background-position":"center center","background-size":"auto","background-attachment":"scroll","background-type":"","background-media":"","overlay-type":"","overlay-color":"","overlay-opacity":"","overlay-gradient":""}},"footnotes":""},"categories":[],"tags":[],"class_list":["post-384782","page","type-page","status-publish","hentry","cat_parks-recreation"],"yoast_head":"<!-- This site is optimized with the Yoast SEO Premium plugin v25.2 (Yoast SEO v25.2) - https:\/\/yoast.com\/wordpress\/plugins\/seo\/ -->\n<title>Parks and Recreation for Embedding - City of Miami Beach<\/title>\n<meta name=\"description\" content=\"%\" \/>\n<meta name=\"robots\" content=\"index, follow, max-snippet:-1, max-image-preview:large, max-video-preview:-1\" \/>\n<link rel=\"canonical\" href=\"https:\/\/events.miamibeachfl.gov\/es\/parksandrec-for-embedding\/\" \/>\n<meta property=\"og:locale\" content=\"es_ES\" \/>\n<meta property=\"og:type\" content=\"article\" \/>\n<meta property=\"og:title\" content=\"Parks and Recreation for Embedding\" \/>\n<meta property=\"og:description\" content=\"%\" \/>\n<meta property=\"og:url\" content=\"https:\/\/events.miamibeachfl.gov\/es\/parksandrec-for-embedding\/\" \/>\n<meta property=\"og:site_name\" content=\"City of Miami Beach\" \/>\n<meta property=\"article:publisher\" content=\"https:\/\/www.facebook.com\/cityofmiamibeach\" \/>\n<meta property=\"article:modified_time\" content=\"2025-06-17T16:45:13+00:00\" \/>\n<meta property=\"og:image\" content=\"https:\/\/events.miamibeachfl.gov\/wp-content\/uploads\/2022\/09\/cityofmiamibeach.jpeg\" \/>\n\t<meta property=\"og:image:width\" content=\"400\" \/>\n\t<meta property=\"og:image:height\" content=\"400\" \/>\n\t<meta property=\"og:image:type\" content=\"image\/jpeg\" \/>\n<meta name=\"twitter:card\" content=\"summary_large_image\" \/>\n<meta name=\"twitter:site\" content=\"@Miamibeachnews\" \/>\n<script type=\"application\/ld+json\" class=\"yoast-schema-graph\">{\"@context\":\"https:\/\/schema.org\",\"@graph\":[{\"@type\":\"WebPage\",\"@id\":\"https:\/\/events.miamibeachfl.gov\/parksandrec-for-embedding\/\",\"url\":\"https:\/\/events.miamibeachfl.gov\/parksandrec-for-embedding\/\",\"name\":\"Parks and Recreation for Embedding - City of Miami Beach\",\"isPartOf\":{\"@id\":\"https:\/\/events.miamibeachfl.gov\/#website\"},\"datePublished\":\"2025-06-17T16:42:36+00:00\",\"dateModified\":\"2025-06-17T16:45:13+00:00\",\"description\":\"%\",\"breadcrumb\":{\"@id\":\"https:\/\/events.miamibeachfl.gov\/parksandrec-for-embedding\/#breadcrumb\"},\"inLanguage\":\"es\",\"potentialAction\":[{\"@type\":\"ReadAction\",\"target\":[\"https:\/\/events.miamibeachfl.gov\/parksandrec-for-embedding\/\"]}]},{\"@type\":\"BreadcrumbList\",\"@id\":\"https:\/\/events.miamibeachfl.gov\/parksandrec-for-embedding\/#breadcrumb\",\"itemListElement\":[{\"@type\":\"ListItem\",\"position\":1,\"name\":\"Home\",\"item\":\"https:\/\/events.miamibeachfl.gov\/\"},{\"@type\":\"ListItem\",\"position\":2,\"name\":\"Parks and Recreation for Embedding\"}]},{\"@type\":\"WebSite\",\"@id\":\"https:\/\/events.miamibeachfl.gov\/#website\",\"url\":\"https:\/\/events.miamibeachfl.gov\/\",\"name\":\"City of Miami Beach Events Calendar\",\"description\":\"The official website of the City of Miami Beach. Stay informed, find important information on city services, news, alerts, events, trolley routes, government employment and more.\",\"publisher\":{\"@id\":\"https:\/\/events.miamibeachfl.gov\/#organization\"},\"potentialAction\":[{\"@type\":\"SearchAction\",\"target\":{\"@type\":\"EntryPoint\",\"urlTemplate\":\"https:\/\/events.miamibeachfl.gov\/?s={search_term_string}\"},\"query-input\":{\"@type\":\"PropertyValueSpecification\",\"valueRequired\":true,\"valueName\":\"search_term_string\"}}],\"inLanguage\":\"es\"},{\"@type\":\"Organization\",\"@id\":\"https:\/\/events.miamibeachfl.gov\/#organization\",\"name\":\"City of Miami Beach\",\"url\":\"https:\/\/events.miamibeachfl.gov\/\",\"logo\":{\"@type\":\"ImageObject\",\"inLanguage\":\"es\",\"@id\":\"https:\/\/events.miamibeachfl.gov\/#\/schema\/logo\/image\/\",\"url\":\"https:\/\/events.miamibeachfl.gov\/wp-content\/uploads\/2022\/06\/miamibeach-logoblue.png\",\"contentUrl\":\"https:\/\/events.miamibeachfl.gov\/wp-content\/uploads\/2022\/06\/miamibeach-logoblue.png\",\"width\":1962,\"height\":381,\"caption\":\"City of Miami Beach\"},\"image\":{\"@id\":\"https:\/\/events.miamibeachfl.gov\/#\/schema\/logo\/image\/\"},\"sameAs\":[\"https:\/\/www.facebook.com\/cityofmiamibeach\",\"https:\/\/x.com\/Miamibeachnews\",\"https:\/\/www.instagram.com\/miamibeachnews\/\"],\"description\":\"The official website of the City of Miami Beach. Stay informed, find important information on city services, news, alerts, events, trolley routes, government employment and more.\",\"telephone\":\"305.604.CITY(2489)\",\"legalName\":\"City of Miami Beach\"}]}<\/script>\n<!-- \/ Yoast SEO Premium plugin. -->","yoast_head_json":{"title":"Parks and Recreation for Embedding - City of Miami Beach","description":"%","robots":{"index":"index","follow":"follow","max-snippet":"max-snippet:-1","max-image-preview":"max-image-preview:large","max-video-preview":"max-video-preview:-1"},"canonical":"https:\/\/events.miamibeachfl.gov\/es\/parksandrec-for-embedding\/","og_locale":"es_ES","og_type":"article","og_title":"Parks and Recreation for Embedding","og_description":"%","og_url":"https:\/\/events.miamibeachfl.gov\/es\/parksandrec-for-embedding\/","og_site_name":"City of Miami Beach","article_publisher":"https:\/\/www.facebook.com\/cityofmiamibeach","article_modified_time":"2025-06-17T16:45:13+00:00","og_image":[{"width":400,"height":400,"url":"https:\/\/events.miamibeachfl.gov\/wp-content\/uploads\/2022\/09\/cityofmiamibeach.jpeg","type":"image\/jpeg"}],"twitter_card":"summary_large_image","twitter_site":"@Miamibeachnews","schema":{"@context":"https:\/\/schema.org","@graph":[{"@type":"WebPage","@id":"https:\/\/events.miamibeachfl.gov\/parksandrec-for-embedding\/","url":"https:\/\/events.miamibeachfl.gov\/parksandrec-for-embedding\/","name":"Parks and Recreation for Embedding - City of Miami Beach","isPartOf":{"@id":"https:\/\/events.miamibeachfl.gov\/#website"},"datePublished":"2025-06-17T16:42:36+00:00","dateModified":"2025-06-17T16:45:13+00:00","description":"%","breadcrumb":{"@id":"https:\/\/events.miamibeachfl.gov\/parksandrec-for-embedding\/#breadcrumb"},"inLanguage":"es","potentialAction":[{"@type":"ReadAction","target":["https:\/\/events.miamibeachfl.gov\/parksandrec-for-embedding\/"]}]},{"@type":"BreadcrumbList","@id":"https:\/\/events.miamibeachfl.gov\/parksandrec-for-embedding\/#breadcrumb","itemListElement":[{"@type":"ListItem","position":1,"name":"Home","item":"https:\/\/events.miamibeachfl.gov\/"},{"@type":"ListItem","position":2,"name":"Parks and Recreation for Embedding"}]},{"@type":"WebSite","@id":"https:\/\/events.miamibeachfl.gov\/#website","url":"https:\/\/events.miamibeachfl.gov\/","name":"City of Miami Beach Events Calendar","description":"The official website of the City of Miami Beach. Stay informed, find important information on city services, news, alerts, events, trolley routes, government employment and more.","publisher":{"@id":"https:\/\/events.miamibeachfl.gov\/#organization"},"potentialAction":[{"@type":"SearchAction","target":{"@type":"EntryPoint","urlTemplate":"https:\/\/events.miamibeachfl.gov\/?s={search_term_string}"},"query-input":{"@type":"PropertyValueSpecification","valueRequired":true,"valueName":"search_term_string"}}],"inLanguage":"es"},{"@type":"Organization","@id":"https:\/\/events.miamibeachfl.gov\/#organization","name":"City of Miami Beach","url":"https:\/\/events.miamibeachfl.gov\/","logo":{"@type":"ImageObject","inLanguage":"es","@id":"https:\/\/events.miamibeachfl.gov\/#\/schema\/logo\/image\/","url":"https:\/\/events.miamibeachfl.gov\/wp-content\/uploads\/2022\/06\/miamibeach-logoblue.png","contentUrl":"https:\/\/events.miamibeachfl.gov\/wp-content\/uploads\/2022\/06\/miamibeach-logoblue.png","width":1962,"height":381,"caption":"City of Miami Beach"},"image":{"@id":"https:\/\/events.miamibeachfl.gov\/#\/schema\/logo\/image\/"},"sameAs":["https:\/\/www.facebook.com\/cityofmiamibeach","https:\/\/x.com\/Miamibeachnews","https:\/\/www.instagram.com\/miamibeachnews\/"],"description":"The official website of the City of Miami Beach. Stay informed, find important information on city services, news, alerts, events, trolley routes, government employment and more.","telephone":"305.604.CITY(2489)","legalName":"City of Miami Beach"}]}},"_links":{"self":[{"href":"https:\/\/events.miamibeachfl.gov\/es\/wp-json\/wp\/v2\/pages\/384782","targetHints":{"allow":["GET"]}}],"collection":[{"href":"https:\/\/events.miamibeachfl.gov\/es\/wp-json\/wp\/v2\/pages"}],"about":[{"href":"https:\/\/events.miamibeachfl.gov\/es\/wp-json\/wp\/v2\/types\/page"}],"author":[{"embeddable":true,"href":"https:\/\/events.miamibeachfl.gov\/es\/wp-json\/wp\/v2\/users\/222"}],"replies":[{"embeddable":true,"href":"https:\/\/events.miamibeachfl.gov\/es\/wp-json\/wp\/v2\/comments?post=384782"}],"version-history":[{"count":3,"href":"https:\/\/events.miamibeachfl.gov\/es\/wp-json\/wp\/v2\/pages\/384782\/revisions"}],"predecessor-version":[{"id":384786,"href":"https:\/\/events.miamibeachfl.gov\/es\/wp-json\/wp\/v2\/pages\/384782\/revisions\/384786"}],"wp:attachment":[{"href":"https:\/\/events.miamibeachfl.gov\/es\/wp-json\/wp\/v2\/media?parent=384782"}],"wp:term":[{"taxonomy":"category","embeddable":true,"href":"https:\/\/events.miamibeachfl.gov\/es\/wp-json\/wp\/v2\/categories?post=384782"},{"taxonomy":"post_tag","embeddable":true,"href":"https:\/\/events.miamibeachfl.gov\/es\/wp-json\/wp\/v2\/tags?post=384782"}],"curies":[{"name":"wp","href":"https:\/\/api.w.org\/{rel}","templated":true}]}}