{"id":384718,"date":"2025-06-12T12:36:45","date_gmt":"2025-06-12T16:36:45","guid":{"rendered":"https:\/\/events.miamibeachfl.gov\/?page_id=384718"},"modified":"2025-06-12T12:44:01","modified_gmt":"2025-06-12T16:44:01","slug":"featured-events-for-embedding","status":"publish","type":"page","link":"https:\/\/events.miamibeachfl.gov\/es\/featured-events-for-embedding\/","title":{"rendered":"Eventos destacados para incrustar"},"content":{"rendered":"<div class=\"fl-builder-content fl-builder-content-10104296 fl-builder-global-templates-locked\" data-post-id=\"10104296\"><div class=\"fl-row fl-row-fixed-width fl-row-bg-none fl-node-qs1562klgctp fl-row-default-height fl-row-align-center\" data-node=\"qs1562klgctp\">\n\t<div class=\"fl-row-content-wrap\">\n\t\t\t\t\t\t<div class=\"fl-row-content fl-row-fixed-width fl-node-content\">\n\t\t\n<div class=\"fl-col-group fl-node-m08kqsxnzhle\" data-node=\"m08kqsxnzhle\">\n\t\t\t<div class=\"fl-col fl-node-4lqahz8i1tb0 fl-col-bg-color fl-col-has-cols\" data-node=\"4lqahz8i1tb0\">\n\t<div class=\"fl-col-content fl-node-content\">\n<div class=\"fl-col-group fl-node-jdq28gmux0zh fl-col-group-nested fl-col-group-equal-height fl-col-group-align-top\" data-node=\"jdq28gmux0zh\">\n\t\t\t<div class=\"fl-col fl-node-jc7ep5sv8zaq fl-col-bg-color fl-col-small\" data-node=\"jc7ep5sv8zaq\">\n\t<div class=\"fl-col-content fl-node-content\"><div\n class=\"fl-module fl-module-photo fl-photo fl-photo-align-center fl-node-jsto7mif1h36\" data-node=\"jsto7mif1h36\" itemscope itemtype=\"https:\/\/schema.org\/ImageObject\">\n\t<div class=\"fl-photo-content fl-photo-img-jpg\">\n\t\t\t\t<img decoding=\"async\" class=\"fl-photo-img wp-image-391220 size-full\" src=\"https:\/\/events.miamibeachfl.gov\/wp-content\/uploads\/2026\/02\/businesswomen.jpg\" alt=\"business women\" itemprop=\"image\" height=\"500\" width=\"500\" title=\"mujeres de negocios\" loading='lazy' srcset=\"https:\/\/events.miamibeachfl.gov\/wp-content\/uploads\/2026\/02\/businesswomen.jpg 500w, https:\/\/events.miamibeachfl.gov\/wp-content\/uploads\/2026\/02\/businesswomen-300x300.jpg 300w, https:\/\/events.miamibeachfl.gov\/wp-content\/uploads\/2026\/02\/businesswomen-150x150.jpg 150w, https:\/\/events.miamibeachfl.gov\/wp-content\/uploads\/2026\/02\/businesswomen-12x12.jpg 12w\" sizes=\"auto, (max-width: 500px) 100vw, 500px\" \/>\n\t\t\t\t\t<\/div>\n\t<\/div>\n<\/div>\n<\/div>\n\t\t\t<div class=\"fl-col fl-node-syir9qvo654p fl-col-bg-color\" data-node=\"syir9qvo654p\">\n\t<div class=\"fl-col-content fl-node-content\"><h2  class=\"fl-module fl-module-heading fl-heading fl-heading-text fl-node-d6r4n20zt9x1\" data-node=\"d6r4n20zt9x1\">\n\t\t\tPlaya de Miami\t<\/h2>\n<h3  class=\"fl-module fl-module-heading fl-heading fl-heading-text fl-node-lus36x4mbji8\" data-node=\"lus36x4mbji8\">\n\t\t\tLISTO PARA LOS NEGOCIOS\t<\/h3>\n<h3  class=\"fl-module fl-module-heading fl-heading fl-heading-text fl-node-4ijvt1nkec70\" data-node=\"4ijvt1nkec70\">\n\t\t\tD\u00cdAS\t<\/h3>\n<h4  class=\"fl-module fl-module-heading fl-heading fl-heading-text fl-node-1gbpi6da4ef0\" data-node=\"1gbpi6da4ef0\">\n\t\t\tAyuntamiento (1700 Convention Center Drive, Departamento del Edificio del Ayuntamiento - Sala de conferencias del segundo piso)\t<\/h4>\n<\/div>\n<\/div>\n\t<\/div>\n<div  class=\"fl-module fl-module-separator fl-node-pbv28hra3s7o\" data-node=\"pbv28hra3s7o\">\n\t<div class=\"fl-separator\"><\/div>\n<\/div>\n<div  class=\"fl-module fl-module-rich-text fl-rich-text fl-node-bck5n4sp3q8v\" data-node=\"bck5n4sp3q8v\">\n\t<p class=\"ai-optimize-6 ai-optimize-introduction\"><span data-teams=\"true\">La ciudad de Miami Beach ser\u00e1 anfitriona de un <b>D\u00eda de preparaci\u00f3n para los negocios<\/b> de <strong>9<\/strong><b> de 10 am a 2 pm<\/b> en <b>Ayuntamiento (1700 Convention Center Drive, Departamento del Edificio del Ayuntamiento - Sala de conferencias del segundo piso)<\/b>Los Business Ready Days se llevan a cabo trimestralmente y est\u00e1n dise\u00f1ados para servir como un recurso \u00fanico para empresarios y propietarios de negocios locales.<\/span><\/p>\n<p class=\"ai-optimize-6\">Durante el evento, las empresas podr\u00e1n recibir asistencia personalizada para obtener o renovar su Recibo de Impuestos Comerciales (BTR), adem\u00e1s de orientaci\u00f3n sobre los requisitos regulatorios de la Ciudad y el Condado. Representantes de todos los departamentos involucrados en el proceso del BTR estar\u00e1n disponibles para brindar apoyo coordinado y presencial.<\/p>\n<p class=\"ai-optimize-7\">Los departamentos participantes de la Ciudad de Miami Beach incluyen Planificaci\u00f3n y Zonificaci\u00f3n, Construcci\u00f3n, Finanzas, Bomberos, Desarrollo Econ\u00f3mico, Adquisiciones, Turismo y Cultura, Obras P\u00fablicas y la Oficina de Gesti\u00f3n de Emergencias. Entre los colaboradores del condado se encuentran el Departamento de Construcci\u00f3n del Condado de Miami-Dade, el Departamento de Recursos Regulatorios y Econ\u00f3micos (DERM), el Departamento de Agua y Alcantarillado y la Oficina del Recaudador de Impuestos del Condado de Miami-Dade. Juntos, estas agencias ayudar\u00e1n a las empresas a comprender mejor los requisitos de permisos, cumplimiento y operativos.<\/p>\n<p class=\"ai-optimize-8\">El Departamento de Desarrollo Econ\u00f3mico estar\u00e1 disponible para hablar sobre programas de incentivos empresariales, asistencia para la selecci\u00f3n de ubicaciones y el Servicio de Conserjer\u00eda Empresarial de la Ciudad, que apoya a las empresas en la gesti\u00f3n de los tr\u00e1mites municipales y el acceso a los recursos locales. El Departamento de Obras P\u00fablicas brindar\u00e1 orientaci\u00f3n sobre el Programa de Cafeter\u00edas al Aire Libre, incluyendo los requisitos de solicitud y las mejores pr\u00e1cticas para habilitar espacios para comer al aire libre. El Departamento de Adquisiciones ofrecer\u00e1 orientaci\u00f3n sobre la certificaci\u00f3n de proveedores y las oportunidades de contrataci\u00f3n con el gobierno local, mientras que la Oficina de Gesti\u00f3n de Emergencias compartir\u00e1 informaci\u00f3n sobre el programa del Equipo de Respuesta a Emergencias Empresariales (BERT).<\/p>\n<p class=\"ai-optimize-9\">Tambi\u00e9n participar\u00e1n organizaciones asociadas, incluida BrightStar Credit Union, que estar\u00e1 presente para compartir informaci\u00f3n sobre sus productos bancarios comerciales, programas financieros, oportunidades de financiaci\u00f3n y recursos para peque\u00f1as empresas.<\/p>\n<p class=\"ai-optimize-7\">\n<\/div>\n<\/div>\n<\/div>\n\t<\/div>\n\t\t<\/div>\n\t<\/div>\n<\/div>\n<\/div>","protected":false},"excerpt":{"rendered":"<p>JORNADAS DE PRESENTACI\u00d3N EMPRESARIAL DE MIAMI BEACH Ayuntamiento (1700 Convention Center Drive, Departamento de Edificios del Ayuntamiento \u2013 Sala de Conferencias del 2.\u00ba piso) [\u2026]<\/p>","protected":false},"author":222,"featured_media":0,"parent":0,"menu_order":0,"comment_status":"closed","ping_status":"closed","template":"","meta":{"site-sidebar-layout":"default","site-content-layout":"","ast-site-content-layout":"default","site-content-style":"default","site-sidebar-style":"default","ast-global-header-display":"","ast-banner-title-visibility":"disabled","ast-main-header-display":"disabled","ast-hfb-above-header-display":"","ast-hfb-below-header-display":"disabled","ast-hfb-mobile-header-display":"disabled","site-post-title":"disabled","ast-breadcrumbs-content":"","ast-featured-img":"disabled","footer-sml-layout":"disabled","theme-transparent-header-meta":"default","adv-header-id-meta":"","stick-header-meta":"default","header-above-stick-meta":"","header-main-stick-meta":"","header-below-stick-meta":"","astra-migrate-meta-layouts":"set","ast-page-background-enabled":"default","ast-page-background-meta":{"desktop":{"background-color":"var(--ast-global-color-5)","background-image":"","background-repeat":"repeat","background-position":"center center","background-size":"auto","background-attachment":"scroll","background-type":"","background-media":"","overlay-type":"","overlay-color":"","overlay-opacity":"","overlay-gradient":""},"tablet":{"background-color":"","background-image":"","background-repeat":"repeat","background-position":"center center","background-size":"auto","background-attachment":"scroll","background-type":"","background-media":"","overlay-type":"","overlay-color":"","overlay-opacity":"","overlay-gradient":""},"mobile":{"background-color":"","background-image":"","background-repeat":"repeat","background-position":"center center","background-size":"auto","background-attachment":"scroll","background-type":"","background-media":"","overlay-type":"","overlay-color":"","overlay-opacity":"","overlay-gradient":""}},"ast-content-background-meta":{"desktop":{"background-color":"var(--ast-global-color-4)","background-image":"","background-repeat":"repeat","background-position":"center center","background-size":"auto","background-attachment":"scroll","background-type":"","background-media":"","overlay-type":"","overlay-color":"","overlay-opacity":"","overlay-gradient":""},"tablet":{"background-color":"var(--ast-global-color-4)","background-image":"","background-repeat":"repeat","background-position":"center center","background-size":"auto","background-attachment":"scroll","background-type":"","background-media":"","overlay-type":"","overlay-color":"","overlay-opacity":"","overlay-gradient":""},"mobile":{"background-color":"var(--ast-global-color-4)","background-image":"","background-repeat":"repeat","background-position":"center center","background-size":"auto","background-attachment":"scroll","background-type":"","background-media":"","overlay-type":"","overlay-color":"","overlay-opacity":"","overlay-gradient":""}},"footnotes":""},"categories":[],"tags":[],"class_list":["post-384718","page","type-page","status-publish","hentry","cat_city-meetings","cat_economic-development","cat_featured-events"],"yoast_head":"<!-- This site is optimized with the Yoast SEO Premium plugin v25.2 (Yoast SEO v25.2) - https:\/\/yoast.com\/wordpress\/plugins\/seo\/ -->\n<title>Featured Events for Embedding - City of Miami Beach<\/title>\n<meta name=\"description\" content=\"%\" \/>\n<meta name=\"robots\" content=\"index, follow, max-snippet:-1, max-image-preview:large, max-video-preview:-1\" \/>\n<link rel=\"canonical\" href=\"https:\/\/events.miamibeachfl.gov\/es\/featured-events-for-embedding\/\" \/>\n<meta property=\"og:locale\" content=\"es_ES\" \/>\n<meta property=\"og:type\" content=\"article\" \/>\n<meta property=\"og:title\" content=\"Featured Events for Embedding\" \/>\n<meta property=\"og:description\" content=\"%\" \/>\n<meta property=\"og:url\" content=\"https:\/\/events.miamibeachfl.gov\/es\/featured-events-for-embedding\/\" \/>\n<meta property=\"og:site_name\" content=\"City of Miami Beach\" \/>\n<meta property=\"article:publisher\" content=\"https:\/\/www.facebook.com\/cityofmiamibeach\" \/>\n<meta property=\"article:modified_time\" content=\"2025-06-12T16:44:01+00:00\" \/>\n<meta property=\"og:image\" content=\"https:\/\/events.miamibeachfl.gov\/wp-content\/uploads\/2022\/09\/cityofmiamibeach.jpeg\" \/>\n\t<meta property=\"og:image:width\" content=\"400\" \/>\n\t<meta property=\"og:image:height\" content=\"400\" \/>\n\t<meta property=\"og:image:type\" content=\"image\/jpeg\" \/>\n<meta name=\"twitter:card\" content=\"summary_large_image\" \/>\n<meta name=\"twitter:site\" content=\"@Miamibeachnews\" \/>\n<script type=\"application\/ld+json\" class=\"yoast-schema-graph\">{\"@context\":\"https:\/\/schema.org\",\"@graph\":[{\"@type\":\"WebPage\",\"@id\":\"https:\/\/events.miamibeachfl.gov\/featured-events-for-embedding\/\",\"url\":\"https:\/\/events.miamibeachfl.gov\/featured-events-for-embedding\/\",\"name\":\"Featured Events for Embedding - City of Miami Beach\",\"isPartOf\":{\"@id\":\"https:\/\/events.miamibeachfl.gov\/#website\"},\"datePublished\":\"2025-06-12T16:36:45+00:00\",\"dateModified\":\"2025-06-12T16:44:01+00:00\",\"description\":\"%\",\"breadcrumb\":{\"@id\":\"https:\/\/events.miamibeachfl.gov\/featured-events-for-embedding\/#breadcrumb\"},\"inLanguage\":\"es\",\"potentialAction\":[{\"@type\":\"ReadAction\",\"target\":[\"https:\/\/events.miamibeachfl.gov\/featured-events-for-embedding\/\"]}]},{\"@type\":\"BreadcrumbList\",\"@id\":\"https:\/\/events.miamibeachfl.gov\/featured-events-for-embedding\/#breadcrumb\",\"itemListElement\":[{\"@type\":\"ListItem\",\"position\":1,\"name\":\"Home\",\"item\":\"https:\/\/events.miamibeachfl.gov\/\"},{\"@type\":\"ListItem\",\"position\":2,\"name\":\"Featured Events for Embedding\"}]},{\"@type\":\"WebSite\",\"@id\":\"https:\/\/events.miamibeachfl.gov\/#website\",\"url\":\"https:\/\/events.miamibeachfl.gov\/\",\"name\":\"City of Miami Beach Events Calendar\",\"description\":\"The official website of the City of Miami Beach. Stay informed, find important information on city services, news, alerts, events, trolley routes, government employment and more.\",\"publisher\":{\"@id\":\"https:\/\/events.miamibeachfl.gov\/#organization\"},\"potentialAction\":[{\"@type\":\"SearchAction\",\"target\":{\"@type\":\"EntryPoint\",\"urlTemplate\":\"https:\/\/events.miamibeachfl.gov\/?s={search_term_string}\"},\"query-input\":{\"@type\":\"PropertyValueSpecification\",\"valueRequired\":true,\"valueName\":\"search_term_string\"}}],\"inLanguage\":\"es\"},{\"@type\":\"Organization\",\"@id\":\"https:\/\/events.miamibeachfl.gov\/#organization\",\"name\":\"City of Miami Beach\",\"url\":\"https:\/\/events.miamibeachfl.gov\/\",\"logo\":{\"@type\":\"ImageObject\",\"inLanguage\":\"es\",\"@id\":\"https:\/\/events.miamibeachfl.gov\/#\/schema\/logo\/image\/\",\"url\":\"https:\/\/events.miamibeachfl.gov\/wp-content\/uploads\/2022\/06\/miamibeach-logoblue.png\",\"contentUrl\":\"https:\/\/events.miamibeachfl.gov\/wp-content\/uploads\/2022\/06\/miamibeach-logoblue.png\",\"width\":1962,\"height\":381,\"caption\":\"City of Miami Beach\"},\"image\":{\"@id\":\"https:\/\/events.miamibeachfl.gov\/#\/schema\/logo\/image\/\"},\"sameAs\":[\"https:\/\/www.facebook.com\/cityofmiamibeach\",\"https:\/\/x.com\/Miamibeachnews\",\"https:\/\/www.instagram.com\/miamibeachnews\/\"],\"description\":\"The official website of the City of Miami Beach. Stay informed, find important information on city services, news, alerts, events, trolley routes, government employment and more.\",\"telephone\":\"305.604.CITY(2489)\",\"legalName\":\"City of Miami Beach\"}]}<\/script>\n<!-- \/ Yoast SEO Premium plugin. -->","yoast_head_json":{"title":"Featured Events for Embedding - City of Miami Beach","description":"%","robots":{"index":"index","follow":"follow","max-snippet":"max-snippet:-1","max-image-preview":"max-image-preview:large","max-video-preview":"max-video-preview:-1"},"canonical":"https:\/\/events.miamibeachfl.gov\/es\/featured-events-for-embedding\/","og_locale":"es_ES","og_type":"article","og_title":"Featured Events for Embedding","og_description":"%","og_url":"https:\/\/events.miamibeachfl.gov\/es\/featured-events-for-embedding\/","og_site_name":"City of Miami Beach","article_publisher":"https:\/\/www.facebook.com\/cityofmiamibeach","article_modified_time":"2025-06-12T16:44:01+00:00","og_image":[{"width":400,"height":400,"url":"https:\/\/events.miamibeachfl.gov\/wp-content\/uploads\/2022\/09\/cityofmiamibeach.jpeg","type":"image\/jpeg"}],"twitter_card":"summary_large_image","twitter_site":"@Miamibeachnews","schema":{"@context":"https:\/\/schema.org","@graph":[{"@type":"WebPage","@id":"https:\/\/events.miamibeachfl.gov\/featured-events-for-embedding\/","url":"https:\/\/events.miamibeachfl.gov\/featured-events-for-embedding\/","name":"Featured Events for Embedding - City of Miami Beach","isPartOf":{"@id":"https:\/\/events.miamibeachfl.gov\/#website"},"datePublished":"2025-06-12T16:36:45+00:00","dateModified":"2025-06-12T16:44:01+00:00","description":"%","breadcrumb":{"@id":"https:\/\/events.miamibeachfl.gov\/featured-events-for-embedding\/#breadcrumb"},"inLanguage":"es","potentialAction":[{"@type":"ReadAction","target":["https:\/\/events.miamibeachfl.gov\/featured-events-for-embedding\/"]}]},{"@type":"BreadcrumbList","@id":"https:\/\/events.miamibeachfl.gov\/featured-events-for-embedding\/#breadcrumb","itemListElement":[{"@type":"ListItem","position":1,"name":"Home","item":"https:\/\/events.miamibeachfl.gov\/"},{"@type":"ListItem","position":2,"name":"Featured Events for Embedding"}]},{"@type":"WebSite","@id":"https:\/\/events.miamibeachfl.gov\/#website","url":"https:\/\/events.miamibeachfl.gov\/","name":"City of Miami Beach Events Calendar","description":"The official website of the City of Miami Beach. Stay informed, find important information on city services, news, alerts, events, trolley routes, government employment and more.","publisher":{"@id":"https:\/\/events.miamibeachfl.gov\/#organization"},"potentialAction":[{"@type":"SearchAction","target":{"@type":"EntryPoint","urlTemplate":"https:\/\/events.miamibeachfl.gov\/?s={search_term_string}"},"query-input":{"@type":"PropertyValueSpecification","valueRequired":true,"valueName":"search_term_string"}}],"inLanguage":"es"},{"@type":"Organization","@id":"https:\/\/events.miamibeachfl.gov\/#organization","name":"City of Miami Beach","url":"https:\/\/events.miamibeachfl.gov\/","logo":{"@type":"ImageObject","inLanguage":"es","@id":"https:\/\/events.miamibeachfl.gov\/#\/schema\/logo\/image\/","url":"https:\/\/events.miamibeachfl.gov\/wp-content\/uploads\/2022\/06\/miamibeach-logoblue.png","contentUrl":"https:\/\/events.miamibeachfl.gov\/wp-content\/uploads\/2022\/06\/miamibeach-logoblue.png","width":1962,"height":381,"caption":"City of Miami Beach"},"image":{"@id":"https:\/\/events.miamibeachfl.gov\/#\/schema\/logo\/image\/"},"sameAs":["https:\/\/www.facebook.com\/cityofmiamibeach","https:\/\/x.com\/Miamibeachnews","https:\/\/www.instagram.com\/miamibeachnews\/"],"description":"The official website of the City of Miami Beach. Stay informed, find important information on city services, news, alerts, events, trolley routes, government employment and more.","telephone":"305.604.CITY(2489)","legalName":"City of Miami Beach"}]}},"_links":{"self":[{"href":"https:\/\/events.miamibeachfl.gov\/es\/wp-json\/wp\/v2\/pages\/384718","targetHints":{"allow":["GET"]}}],"collection":[{"href":"https:\/\/events.miamibeachfl.gov\/es\/wp-json\/wp\/v2\/pages"}],"about":[{"href":"https:\/\/events.miamibeachfl.gov\/es\/wp-json\/wp\/v2\/types\/page"}],"author":[{"embeddable":true,"href":"https:\/\/events.miamibeachfl.gov\/es\/wp-json\/wp\/v2\/users\/222"}],"replies":[{"embeddable":true,"href":"https:\/\/events.miamibeachfl.gov\/es\/wp-json\/wp\/v2\/comments?post=384718"}],"version-history":[{"count":1,"href":"https:\/\/events.miamibeachfl.gov\/es\/wp-json\/wp\/v2\/pages\/384718\/revisions"}],"predecessor-version":[{"id":384719,"href":"https:\/\/events.miamibeachfl.gov\/es\/wp-json\/wp\/v2\/pages\/384718\/revisions\/384719"}],"wp:attachment":[{"href":"https:\/\/events.miamibeachfl.gov\/es\/wp-json\/wp\/v2\/media?parent=384718"}],"wp:term":[{"taxonomy":"category","embeddable":true,"href":"https:\/\/events.miamibeachfl.gov\/es\/wp-json\/wp\/v2\/categories?post=384718"},{"taxonomy":"post_tag","embeddable":true,"href":"https:\/\/events.miamibeachfl.gov\/es\/wp-json\/wp\/v2\/tags?post=384718"}],"curies":[{"name":"wp","href":"https:\/\/api.w.org\/{rel}","templated":true}]}}