{"id":384718,"date":"2025-06-12T12:36:45","date_gmt":"2025-06-12T16:36:45","guid":{"rendered":"https:\/\/events.miamibeachfl.gov\/?page_id=384718"},"modified":"2025-06-12T12:44:01","modified_gmt":"2025-06-12T16:44:01","slug":"featured-events-for-embedding","status":"publish","type":"page","link":"https:\/\/events.miamibeachfl.gov\/de\/featured-events-for-embedding\/","title":{"rendered":"Ausgew\u00e4hlte Events zum Einbetten"},"content":{"rendered":"<div class=\"fl-builder-content fl-builder-content-10104296 fl-builder-global-templates-locked\" data-post-id=\"10104296\"><div class=\"fl-row fl-row-fixed-width fl-row-bg-none fl-node-qs1562klgctp fl-row-default-height fl-row-align-center\" data-node=\"qs1562klgctp\">\n\t<div class=\"fl-row-content-wrap\">\n\t\t\t\t\t\t<div class=\"fl-row-content fl-row-fixed-width fl-node-content\">\n\t\t\n<div class=\"fl-col-group fl-node-m08kqsxnzhle\" data-node=\"m08kqsxnzhle\">\n\t\t\t<div class=\"fl-col fl-node-4lqahz8i1tb0 fl-col-bg-color fl-col-has-cols\" data-node=\"4lqahz8i1tb0\">\n\t<div class=\"fl-col-content fl-node-content\">\n<div class=\"fl-col-group fl-node-jdq28gmux0zh fl-col-group-nested fl-col-group-equal-height fl-col-group-align-top\" data-node=\"jdq28gmux0zh\">\n\t\t\t<div class=\"fl-col fl-node-jc7ep5sv8zaq fl-col-bg-color fl-col-small\" data-node=\"jc7ep5sv8zaq\">\n\t<div class=\"fl-col-content fl-node-content\"><div\n class=\"fl-module fl-module-photo fl-photo fl-photo-align-center fl-node-jsto7mif1h36\" data-node=\"jsto7mif1h36\" itemscope itemtype=\"https:\/\/schema.org\/ImageObject\">\n\t<div class=\"fl-photo-content fl-photo-img-jpg\">\n\t\t\t\t<img decoding=\"async\" class=\"fl-photo-img wp-image-391220 size-full\" src=\"https:\/\/events.miamibeachfl.gov\/wp-content\/uploads\/2026\/02\/businesswomen.jpg\" alt=\"business women\" itemprop=\"image\" height=\"500\" width=\"500\" title=\"Gesch\u00e4ftsfrauen\" loading='lazy' srcset=\"https:\/\/events.miamibeachfl.gov\/wp-content\/uploads\/2026\/02\/businesswomen.jpg 500w, https:\/\/events.miamibeachfl.gov\/wp-content\/uploads\/2026\/02\/businesswomen-300x300.jpg 300w, https:\/\/events.miamibeachfl.gov\/wp-content\/uploads\/2026\/02\/businesswomen-150x150.jpg 150w, https:\/\/events.miamibeachfl.gov\/wp-content\/uploads\/2026\/02\/businesswomen-12x12.jpg 12w\" sizes=\"auto, (max-width: 500px) 100vw, 500px\" \/>\n\t\t\t\t\t<\/div>\n\t<\/div>\n<\/div>\n<\/div>\n\t\t\t<div class=\"fl-col fl-node-syir9qvo654p fl-col-bg-color\" data-node=\"syir9qvo654p\">\n\t<div class=\"fl-col-content fl-node-content\"><h2  class=\"fl-module fl-module-heading fl-heading fl-heading-text fl-node-d6r4n20zt9x1\" data-node=\"d6r4n20zt9x1\">\n\t\t\tMIAMI BEACH\t<\/h2>\n<h3  class=\"fl-module fl-module-heading fl-heading fl-heading-text fl-node-lus36x4mbji8\" data-node=\"lus36x4mbji8\">\n\t\t\tGESCH\u00c4FTSBEREIT\t<\/h3>\n<h3  class=\"fl-module fl-module-heading fl-heading fl-heading-text fl-node-4ijvt1nkec70\" data-node=\"4ijvt1nkec70\">\n\t\t\tTAGE\t<\/h3>\n<h4  class=\"fl-module fl-module-heading fl-heading fl-heading-text fl-node-1gbpi6da4ef0\" data-node=\"1gbpi6da4ef0\">\n\t\t\tRathaus (1700 Convention Center Drive, Bauabteilung des Rathauses - Konferenzraum im 2. Stock)\t<\/h4>\n<\/div>\n<\/div>\n\t<\/div>\n<div  class=\"fl-module fl-module-separator fl-node-pbv28hra3s7o\" data-node=\"pbv28hra3s7o\">\n\t<div class=\"fl-separator\"><\/div>\n<\/div>\n<div  class=\"fl-module fl-module-rich-text fl-rich-text fl-node-bck5n4sp3q8v\" data-node=\"bck5n4sp3q8v\">\n\t<p class=\"ai-optimize-6 ai-optimize-introduction\"><span data-teams=\"true\">Die Stadt Miami Beach wird eine <b>Gesch\u00e4ftsbereiter Tag<\/b> aus <strong>9<\/strong><b> von 8 bis 14 Uhr<\/b> bei <b>Rathaus (1700 Convention Center Drive, Bauabteilung des Rathauses - Konferenzraum im 2. Stock)<\/b>Die Business Ready Days finden viertelj\u00e4hrlich statt und dienen als zentrale Anlaufstelle f\u00fcr lokale Unternehmer und Gesch\u00e4ftsinhaber.<\/span><\/p>\n<p class=\"ai-optimize-6\">Im Rahmen der Veranstaltung erhalten Unternehmen individuelle Unterst\u00fctzung bei der Beantragung oder Verl\u00e4ngerung ihrer Gewerbesteuerbescheinigung (BTR) sowie Beratung zu den beh\u00f6rdlichen Auflagen der Stadt und des Landkreises. Vertreter aller am BTR-Verfahren beteiligten Abteilungen stehen f\u00fcr eine koordinierte, pers\u00f6nliche Beratung zur Verf\u00fcgung.<\/p>\n<p class=\"ai-optimize-7\">Zu den beteiligten Abteilungen der Stadt Miami Beach geh\u00f6ren die Abteilungen f\u00fcr Stadtplanung und -entwicklung, Bauwesen, Finanzen, Feuerwehr, Wirtschaftsf\u00f6rderung, Beschaffungswesen, Tourismus und Kultur, \u00f6ffentliche Arbeiten und das Katastrophenschutzamt. Zu den Partnern des Landkreises geh\u00f6ren das Bauamt von Miami-Dade County, das Amt f\u00fcr Regulierungs- und Wirtschaftsangelegenheiten (DERM), die Wasser- und Abwasserbeh\u00f6rde sowie das Steueramt von Miami-Dade County. Gemeinsam werden diese Beh\u00f6rden Unternehmen dabei unterst\u00fctzen, Genehmigungs-, Compliance- und Betriebsanforderungen besser zu verstehen.<\/p>\n<p class=\"ai-optimize-8\">Die Wirtschaftsf\u00f6rderung steht Ihnen f\u00fcr Gespr\u00e4che \u00fcber F\u00f6rderprogramme f\u00fcr Unternehmen, Unterst\u00fctzung bei der Standortwahl und den st\u00e4dtischen Business-Concierge-Service zur Verf\u00fcgung, der Unternehmen bei st\u00e4dtischen Genehmigungsverfahren und dem Zugang zu lokalen Ressourcen unterst\u00fctzt. Das Tiefbauamt informiert Sie \u00fcber das Programm \u201eStra\u00dfencaf\u00e9\u201c, einschlie\u00dflich Antragsanforderungen und bew\u00e4hrter Verfahren zur Nutzung von Au\u00dfengastronomiefl\u00e4chen. Die Beschaffungsabteilung ber\u00e4t Sie zu Lieferantenzertifizierungen und \u00f6ffentlichen Auftragsvergaben, w\u00e4hrend das Amt f\u00fcr Katastrophenschutz Informationen zum Programm \u201eBusiness Emergency Response Team\u201c (BERT) bereitstellt.<\/p>\n<p class=\"ai-optimize-9\">Partnerorganisationen werden ebenfalls teilnehmen, darunter die BrightStar Credit Union, die vor Ort sein wird, um Informationen \u00fcber ihre Gesch\u00e4ftskundenprodukte, Finanzprogramme, F\u00f6rderm\u00f6glichkeiten und Ressourcen f\u00fcr kleine Unternehmen bereitzustellen.<\/p>\n<p class=\"ai-optimize-7\">\n<\/div>\n<\/div>\n<\/div>\n\t<\/div>\n\t\t<\/div>\n\t<\/div>\n<\/div>\n<\/div>","protected":false},"excerpt":{"rendered":"<p>MIAMI BEACH BUSINESS READY DAYS Rathaus (1700 Convention Center Drive, Bauabteilung des Rathauses \u2013 Konferenzraum im 2. Stock) [\u2026]<\/p>","protected":false},"author":222,"featured_media":0,"parent":0,"menu_order":0,"comment_status":"closed","ping_status":"closed","template":"","meta":{"site-sidebar-layout":"default","site-content-layout":"","ast-site-content-layout":"default","site-content-style":"default","site-sidebar-style":"default","ast-global-header-display":"","ast-banner-title-visibility":"disabled","ast-main-header-display":"disabled","ast-hfb-above-header-display":"","ast-hfb-below-header-display":"disabled","ast-hfb-mobile-header-display":"disabled","site-post-title":"disabled","ast-breadcrumbs-content":"","ast-featured-img":"disabled","footer-sml-layout":"disabled","theme-transparent-header-meta":"default","adv-header-id-meta":"","stick-header-meta":"default","header-above-stick-meta":"","header-main-stick-meta":"","header-below-stick-meta":"","astra-migrate-meta-layouts":"set","ast-page-background-enabled":"default","ast-page-background-meta":{"desktop":{"background-color":"var(--ast-global-color-5)","background-image":"","background-repeat":"repeat","background-position":"center center","background-size":"auto","background-attachment":"scroll","background-type":"","background-media":"","overlay-type":"","overlay-color":"","overlay-opacity":"","overlay-gradient":""},"tablet":{"background-color":"","background-image":"","background-repeat":"repeat","background-position":"center center","background-size":"auto","background-attachment":"scroll","background-type":"","background-media":"","overlay-type":"","overlay-color":"","overlay-opacity":"","overlay-gradient":""},"mobile":{"background-color":"","background-image":"","background-repeat":"repeat","background-position":"center center","background-size":"auto","background-attachment":"scroll","background-type":"","background-media":"","overlay-type":"","overlay-color":"","overlay-opacity":"","overlay-gradient":""}},"ast-content-background-meta":{"desktop":{"background-color":"var(--ast-global-color-4)","background-image":"","background-repeat":"repeat","background-position":"center center","background-size":"auto","background-attachment":"scroll","background-type":"","background-media":"","overlay-type":"","overlay-color":"","overlay-opacity":"","overlay-gradient":""},"tablet":{"background-color":"var(--ast-global-color-4)","background-image":"","background-repeat":"repeat","background-position":"center center","background-size":"auto","background-attachment":"scroll","background-type":"","background-media":"","overlay-type":"","overlay-color":"","overlay-opacity":"","overlay-gradient":""},"mobile":{"background-color":"var(--ast-global-color-4)","background-image":"","background-repeat":"repeat","background-position":"center center","background-size":"auto","background-attachment":"scroll","background-type":"","background-media":"","overlay-type":"","overlay-color":"","overlay-opacity":"","overlay-gradient":""}},"footnotes":""},"categories":[],"tags":[],"class_list":["post-384718","page","type-page","status-publish","hentry","cat_city-meetings","cat_economic-development","cat_featured-events"],"yoast_head":"<!-- This site is optimized with the Yoast SEO Premium plugin v25.2 (Yoast SEO v25.2) - https:\/\/yoast.com\/wordpress\/plugins\/seo\/ -->\n<title>Featured Events for Embedding - City of Miami Beach<\/title>\n<meta name=\"description\" content=\"%\" \/>\n<meta name=\"robots\" content=\"index, follow, max-snippet:-1, max-image-preview:large, max-video-preview:-1\" \/>\n<link rel=\"canonical\" href=\"https:\/\/events.miamibeachfl.gov\/de\/featured-events-for-embedding\/\" \/>\n<meta property=\"og:locale\" content=\"de_DE\" \/>\n<meta property=\"og:type\" content=\"article\" \/>\n<meta property=\"og:title\" content=\"Featured Events for Embedding\" \/>\n<meta property=\"og:description\" content=\"%\" \/>\n<meta property=\"og:url\" content=\"https:\/\/events.miamibeachfl.gov\/de\/featured-events-for-embedding\/\" \/>\n<meta property=\"og:site_name\" content=\"City of Miami Beach\" \/>\n<meta property=\"article:publisher\" content=\"https:\/\/www.facebook.com\/cityofmiamibeach\" \/>\n<meta property=\"article:modified_time\" content=\"2025-06-12T16:44:01+00:00\" \/>\n<meta property=\"og:image\" content=\"https:\/\/events.miamibeachfl.gov\/wp-content\/uploads\/2022\/09\/cityofmiamibeach.jpeg\" \/>\n\t<meta property=\"og:image:width\" content=\"400\" \/>\n\t<meta property=\"og:image:height\" content=\"400\" \/>\n\t<meta property=\"og:image:type\" content=\"image\/jpeg\" \/>\n<meta name=\"twitter:card\" content=\"summary_large_image\" \/>\n<meta name=\"twitter:site\" content=\"@Miamibeachnews\" \/>\n<script type=\"application\/ld+json\" class=\"yoast-schema-graph\">{\"@context\":\"https:\/\/schema.org\",\"@graph\":[{\"@type\":\"WebPage\",\"@id\":\"https:\/\/events.miamibeachfl.gov\/featured-events-for-embedding\/\",\"url\":\"https:\/\/events.miamibeachfl.gov\/featured-events-for-embedding\/\",\"name\":\"Featured Events for Embedding - City of Miami Beach\",\"isPartOf\":{\"@id\":\"https:\/\/events.miamibeachfl.gov\/#website\"},\"datePublished\":\"2025-06-12T16:36:45+00:00\",\"dateModified\":\"2025-06-12T16:44:01+00:00\",\"description\":\"%\",\"breadcrumb\":{\"@id\":\"https:\/\/events.miamibeachfl.gov\/featured-events-for-embedding\/#breadcrumb\"},\"inLanguage\":\"de\",\"potentialAction\":[{\"@type\":\"ReadAction\",\"target\":[\"https:\/\/events.miamibeachfl.gov\/featured-events-for-embedding\/\"]}]},{\"@type\":\"BreadcrumbList\",\"@id\":\"https:\/\/events.miamibeachfl.gov\/featured-events-for-embedding\/#breadcrumb\",\"itemListElement\":[{\"@type\":\"ListItem\",\"position\":1,\"name\":\"Home\",\"item\":\"https:\/\/events.miamibeachfl.gov\/\"},{\"@type\":\"ListItem\",\"position\":2,\"name\":\"Featured Events for Embedding\"}]},{\"@type\":\"WebSite\",\"@id\":\"https:\/\/events.miamibeachfl.gov\/#website\",\"url\":\"https:\/\/events.miamibeachfl.gov\/\",\"name\":\"City of Miami Beach Events Calendar\",\"description\":\"The official website of the City of Miami Beach. Stay informed, find important information on city services, news, alerts, events, trolley routes, government employment and more.\",\"publisher\":{\"@id\":\"https:\/\/events.miamibeachfl.gov\/#organization\"},\"potentialAction\":[{\"@type\":\"SearchAction\",\"target\":{\"@type\":\"EntryPoint\",\"urlTemplate\":\"https:\/\/events.miamibeachfl.gov\/?s={search_term_string}\"},\"query-input\":{\"@type\":\"PropertyValueSpecification\",\"valueRequired\":true,\"valueName\":\"search_term_string\"}}],\"inLanguage\":\"de\"},{\"@type\":\"Organization\",\"@id\":\"https:\/\/events.miamibeachfl.gov\/#organization\",\"name\":\"City of Miami Beach\",\"url\":\"https:\/\/events.miamibeachfl.gov\/\",\"logo\":{\"@type\":\"ImageObject\",\"inLanguage\":\"de\",\"@id\":\"https:\/\/events.miamibeachfl.gov\/#\/schema\/logo\/image\/\",\"url\":\"https:\/\/events.miamibeachfl.gov\/wp-content\/uploads\/2022\/06\/miamibeach-logoblue.png\",\"contentUrl\":\"https:\/\/events.miamibeachfl.gov\/wp-content\/uploads\/2022\/06\/miamibeach-logoblue.png\",\"width\":1962,\"height\":381,\"caption\":\"City of Miami Beach\"},\"image\":{\"@id\":\"https:\/\/events.miamibeachfl.gov\/#\/schema\/logo\/image\/\"},\"sameAs\":[\"https:\/\/www.facebook.com\/cityofmiamibeach\",\"https:\/\/x.com\/Miamibeachnews\",\"https:\/\/www.instagram.com\/miamibeachnews\/\"],\"description\":\"The official website of the City of Miami Beach. Stay informed, find important information on city services, news, alerts, events, trolley routes, government employment and more.\",\"telephone\":\"305.604.CITY(2489)\",\"legalName\":\"City of Miami Beach\"}]}<\/script>\n<!-- \/ Yoast SEO Premium plugin. -->","yoast_head_json":{"title":"Featured Events for Embedding - City of Miami Beach","description":"%","robots":{"index":"index","follow":"follow","max-snippet":"max-snippet:-1","max-image-preview":"max-image-preview:large","max-video-preview":"max-video-preview:-1"},"canonical":"https:\/\/events.miamibeachfl.gov\/de\/featured-events-for-embedding\/","og_locale":"de_DE","og_type":"article","og_title":"Featured Events for Embedding","og_description":"%","og_url":"https:\/\/events.miamibeachfl.gov\/de\/featured-events-for-embedding\/","og_site_name":"City of Miami Beach","article_publisher":"https:\/\/www.facebook.com\/cityofmiamibeach","article_modified_time":"2025-06-12T16:44:01+00:00","og_image":[{"width":400,"height":400,"url":"https:\/\/events.miamibeachfl.gov\/wp-content\/uploads\/2022\/09\/cityofmiamibeach.jpeg","type":"image\/jpeg"}],"twitter_card":"summary_large_image","twitter_site":"@Miamibeachnews","schema":{"@context":"https:\/\/schema.org","@graph":[{"@type":"WebPage","@id":"https:\/\/events.miamibeachfl.gov\/featured-events-for-embedding\/","url":"https:\/\/events.miamibeachfl.gov\/featured-events-for-embedding\/","name":"Featured Events for Embedding - City of Miami Beach","isPartOf":{"@id":"https:\/\/events.miamibeachfl.gov\/#website"},"datePublished":"2025-06-12T16:36:45+00:00","dateModified":"2025-06-12T16:44:01+00:00","description":"%","breadcrumb":{"@id":"https:\/\/events.miamibeachfl.gov\/featured-events-for-embedding\/#breadcrumb"},"inLanguage":"de","potentialAction":[{"@type":"ReadAction","target":["https:\/\/events.miamibeachfl.gov\/featured-events-for-embedding\/"]}]},{"@type":"BreadcrumbList","@id":"https:\/\/events.miamibeachfl.gov\/featured-events-for-embedding\/#breadcrumb","itemListElement":[{"@type":"ListItem","position":1,"name":"Home","item":"https:\/\/events.miamibeachfl.gov\/"},{"@type":"ListItem","position":2,"name":"Featured Events for Embedding"}]},{"@type":"WebSite","@id":"https:\/\/events.miamibeachfl.gov\/#website","url":"https:\/\/events.miamibeachfl.gov\/","name":"City of Miami Beach Events Calendar","description":"The official website of the City of Miami Beach. Stay informed, find important information on city services, news, alerts, events, trolley routes, government employment and more.","publisher":{"@id":"https:\/\/events.miamibeachfl.gov\/#organization"},"potentialAction":[{"@type":"SearchAction","target":{"@type":"EntryPoint","urlTemplate":"https:\/\/events.miamibeachfl.gov\/?s={search_term_string}"},"query-input":{"@type":"PropertyValueSpecification","valueRequired":true,"valueName":"search_term_string"}}],"inLanguage":"de"},{"@type":"Organization","@id":"https:\/\/events.miamibeachfl.gov\/#organization","name":"City of Miami Beach","url":"https:\/\/events.miamibeachfl.gov\/","logo":{"@type":"ImageObject","inLanguage":"de","@id":"https:\/\/events.miamibeachfl.gov\/#\/schema\/logo\/image\/","url":"https:\/\/events.miamibeachfl.gov\/wp-content\/uploads\/2022\/06\/miamibeach-logoblue.png","contentUrl":"https:\/\/events.miamibeachfl.gov\/wp-content\/uploads\/2022\/06\/miamibeach-logoblue.png","width":1962,"height":381,"caption":"City of Miami Beach"},"image":{"@id":"https:\/\/events.miamibeachfl.gov\/#\/schema\/logo\/image\/"},"sameAs":["https:\/\/www.facebook.com\/cityofmiamibeach","https:\/\/x.com\/Miamibeachnews","https:\/\/www.instagram.com\/miamibeachnews\/"],"description":"The official website of the City of Miami Beach. Stay informed, find important information on city services, news, alerts, events, trolley routes, government employment and more.","telephone":"305.604.CITY(2489)","legalName":"City of Miami Beach"}]}},"_links":{"self":[{"href":"https:\/\/events.miamibeachfl.gov\/de\/wp-json\/wp\/v2\/pages\/384718","targetHints":{"allow":["GET"]}}],"collection":[{"href":"https:\/\/events.miamibeachfl.gov\/de\/wp-json\/wp\/v2\/pages"}],"about":[{"href":"https:\/\/events.miamibeachfl.gov\/de\/wp-json\/wp\/v2\/types\/page"}],"author":[{"embeddable":true,"href":"https:\/\/events.miamibeachfl.gov\/de\/wp-json\/wp\/v2\/users\/222"}],"replies":[{"embeddable":true,"href":"https:\/\/events.miamibeachfl.gov\/de\/wp-json\/wp\/v2\/comments?post=384718"}],"version-history":[{"count":1,"href":"https:\/\/events.miamibeachfl.gov\/de\/wp-json\/wp\/v2\/pages\/384718\/revisions"}],"predecessor-version":[{"id":384719,"href":"https:\/\/events.miamibeachfl.gov\/de\/wp-json\/wp\/v2\/pages\/384718\/revisions\/384719"}],"wp:attachment":[{"href":"https:\/\/events.miamibeachfl.gov\/de\/wp-json\/wp\/v2\/media?parent=384718"}],"wp:term":[{"taxonomy":"category","embeddable":true,"href":"https:\/\/events.miamibeachfl.gov\/de\/wp-json\/wp\/v2\/categories?post=384718"},{"taxonomy":"post_tag","embeddable":true,"href":"https:\/\/events.miamibeachfl.gov\/de\/wp-json\/wp\/v2\/tags?post=384718"}],"curies":[{"name":"wp","href":"https:\/\/api.w.org\/{rel}","templated":true}]}}